{"id":948,"date":"2018-11-25T15:22:41","date_gmt":"2018-11-25T14:22:41","guid":{"rendered":"http:\/\/barokomaraton.cz\/?page_id=948"},"modified":"2018-11-25T16:00:16","modified_gmt":"2018-11-25T15:00:16","slug":"ochrana-osobnich-udaju","status":"publish","type":"page","link":"http:\/\/barokomaraton.cz\/en\/ochrana-osobnich-udaju\/","title":{"rendered":"Data protection"},"content":{"rendered":"<p>Ochrana osobn\u00edch \u00fadaj\u016f je d\u016fle\u017eit\u00fdm aspektem Barokomaratonu. Tato str\u00e1nka popisuje zp\u016fsob zpracov\u00e1n\u00ed osobn\u00edch \u00fadaj\u016f, kter\u00fd je v souladu s\u00a0obecn\u00fdm na\u0159\u00edzen\u00edm o ochran\u011b osobn\u00edch \u00fadaj\u016f &#8211; <a href=\"https:\/\/eur-lex.europa.eu\/legal-content\/CS\/TXT\/?uri=CELEX:32016R0679\" target=\"_blank\" rel=\"noopener\">Na\u0159\u00edzen\u00ed Evropsk\u00e9ho parlamentu a Rady (EU) 2016\/679<\/a>\u00a0a se\u00a0<a href=\"https:\/\/www.zakonyprolidi.cz\/cs\/2000-101\/zneni-20170701\" target=\"_blank\" rel=\"noopener\">z\u00e1konem \u010d.101\/2000 Sb., o ochran\u011b osobn\u00edch \u00fadaj\u016f<\/a>.<\/p>\n<p><strong>P\u0159ihl\u00e1\u0161ky \u00fa\u010dastn\u00edk\u016f Barokomaratonu<\/strong><\/p>\n<p>\u00da\u010dastn\u00edci Barokomaratonu, nebo jeho z\u00e1konn\u00ed z\u00e1stupci, dobrovoln\u011b ud\u011bluj\u00ed souhlas po\u0159adateli Barokomaratonu RuMning klap z.s., jako\u017eto spr\u00e1vci osobn\u00edch \u00fadaj\u016f, se zpracov\u00e1n\u00edm jejich osobn\u00edch \u00fadaj\u016f uveden\u00fdch v <a href=\"http:\/\/barokomaraton.cz\/en\/zavod\/prihlasky\/\" target=\"_blank\" rel=\"noopener\">p\u0159ihl\u00e1\u0161ce Barokomaratonu<\/a>\u00a0a dal\u0161\u00edch formul\u00e1\u0159\u016f na <a href=\"http:\/\/barokomaraton.cz\/en\/\">str\u00e1nk\u00e1ch Barokomaratonu<\/a>.<\/p>\n<p><strong>Fotografie, audio a video<\/strong><\/p>\n<p>\u00da\u010dastn\u00edci Barokomaratonu dobrovoln\u011b ud\u011bluj\u00ed souhlas s vyu\u017eit\u00edm fotografi\u00ed, audia a videa po\u0159\u00edzen\u00fdch v dob\u011b kon\u00e1n\u00ed Barokomaratonu. Takov\u00e9to materi\u00e1ly mohou b\u00fdt pou\u017eity spr\u00e1vcem osobn\u00edch \u00fadaj\u016f pro archivaci a publicitu Barokomaratonu na ve\u0159ejn\u011b dostupn\u00fdch m\u00e9di\u00edch.<\/p>\n<p><strong>Ochrana osobn\u00edch dat<\/strong><\/p>\n<p>Osobn\u00ed data jsou shroma\u017e\u010fov\u00e1na pomoc\u00ed technick\u00fdch prost\u0159edk\u016f zpracovatele\u00a0APACHI s.r.o. a zpracovateli t\u0159et\u00edch stran (viz n\u00ed\u017ee). Osobn\u00ed data jsou zpracov\u00e1na jen pro \u00fa\u010dely, pro kter\u00e9 byla poskytnuta. P\u0159\u00edstup k osobn\u00edm \u00fadaj\u016fm je limitov\u00e1n pro omezenou skupinu osob ze strany spr\u00e1vce osobn\u00edch \u00fadaj\u016f Rumning klap z.s. a zpracovatele APACHI s.r.o.<\/p>\n<p>Osobn\u00ed data budou uchov\u00e1na na nezbytn\u011b nutnou dobu.<\/p>\n<p><strong>Zpracovatel\u00e9 t\u0159et\u00edch stran<\/strong><\/p>\n<p>Zpracovatele t\u0159et\u00edch stran zahrnuj\u00ed:<\/p>\n<ul>\n<li>Google\u00a0(<a href=\"https:\/\/policies.google.com\/privacy?hl=cs\" target=\"_blank\" rel=\"noopener\">z\u00e1sady ochrany osobn\u00edch \u00fadaj\u016f<\/a>), kter\u00fd je v souladu s\u00a0<a href=\"https:\/\/www.privacyshield.gov\/welcome\">EU-U.S Privacy Shield<\/a><\/li>\n<li>MailChimp,\u00a0The Rocket Science Group LLC\u00a0(<a href=\"https:\/\/mailchimp.com\/legal\/privacy\/\" target=\"_blank\" rel=\"noopener\">data privacy<\/a>)<\/li>\n<\/ul>\n<p>Spr\u00e1vce osobn\u00edch \u00fadaj\u016f vzu\u017e\u00edv\u00e1 na str\u00e1nk\u00e1ch Barokomaratonu slu\u017ebu Google Analytics. C\u00edlem t\u00e9to slu\u017eby je analyzovat p\u0159\u00edstupy na str\u00e1nky Barakomaratonu.<\/p>\n<p><strong>Spr\u00e1vce osobn\u00edch \u00fadaj\u016f<\/strong><\/p>\n<ul>\n<li><a href=\"http:\/\/rumningklap.eu\/\" target=\"_blank\" rel=\"noopener\">RuMning klap<\/a>\u00a0z.s.<\/li>\n<li>Ledeck\u00e1 64, Z\u00e1lu\u017e\u00ed, 330 11 T\u0159emo\u0161n\u00e1<\/li>\n<li><a href=\"mailto:info@barokomaraton.cz\">info@barokomaraton.cz<\/a><\/li>\n<\/ul>\n<p><strong>Zpracovatel osobn\u00edch \u00fadaj\u016f<\/strong><\/p>\n<ul>\n<li>APACHI s.r.o.<\/li>\n<li>Husineck\u00e1 903\/10, 130 00 Praha 3 \u2013 \u017di\u017ekov<\/li>\n<li><a href=\"mailto:sportovniservis@gmail.com\">sportovniservis@gmail.com<\/a><\/li>\n<\/ul>","protected":false},"excerpt":{"rendered":"<p>Ochrana osobn\u00edch \u00fadaj\u016f je d\u016fle\u017eit\u00fdm aspektem Barokomaratonu. Tato str\u00e1nka popisuje zp\u016fsob zpracov\u00e1n\u00ed osobn\u00edch \u00fadaj\u016f, kter\u00fd je v souladu s\u00a0obecn\u00fdm na\u0159\u00edzen\u00edm o ochran\u011b osobn\u00edch \u00fadaj\u016f &#8211; Na\u0159\u00edzen\u00ed Evropsk\u00e9ho parlamentu a Rady (EU) 2016\/679\u00a0a se\u00a0z\u00e1konem \u010d.101\/2000 Sb., o ochran\u011b osobn\u00edch \u00fadaj\u016f. P\u0159ihl\u00e1\u0161ky \u00fa\u010dastn\u00edk\u016f Barokomaratonu \u00da\u010dastn\u00edci Barokomaratonu, nebo jeho z\u00e1konn\u00ed z\u00e1stupci, dobrovoln\u011b ud\u011bluj\u00ed souhlas po\u0159adateli Barokomaratonu RuMning klap [&hellip;]<\/p>\n","protected":false},"author":1,"featured_media":0,"parent":0,"menu_order":0,"comment_status":"closed","ping_status":"closed","template":"","meta":{"footnotes":""},"class_list":["post-948","page","type-page","status-publish","czr-hentry"],"_links":{"self":[{"href":"http:\/\/barokomaraton.cz\/en\/wp-json\/wp\/v2\/pages\/948","targetHints":{"allow":["GET"]}}],"collection":[{"href":"http:\/\/barokomaraton.cz\/en\/wp-json\/wp\/v2\/pages"}],"about":[{"href":"http:\/\/barokomaraton.cz\/en\/wp-json\/wp\/v2\/types\/page"}],"author":[{"embeddable":true,"href":"http:\/\/barokomaraton.cz\/en\/wp-json\/wp\/v2\/users\/1"}],"replies":[{"embeddable":true,"href":"http:\/\/barokomaraton.cz\/en\/wp-json\/wp\/v2\/comments?post=948"}],"version-history":[{"count":4,"href":"http:\/\/barokomaraton.cz\/en\/wp-json\/wp\/v2\/pages\/948\/revisions"}],"predecessor-version":[{"id":1044,"href":"http:\/\/barokomaraton.cz\/en\/wp-json\/wp\/v2\/pages\/948\/revisions\/1044"}],"wp:attachment":[{"href":"http:\/\/barokomaraton.cz\/en\/wp-json\/wp\/v2\/media?parent=948"}],"curies":[{"name":"wp","href":"https:\/\/api.w.org\/{rel}","templated":true}]}}