{"id":436,"date":"2016-12-24T13:07:49","date_gmt":"2016-12-24T12:07:49","guid":{"rendered":"http:\/\/barokomaraton.cz\/?page_id=436"},"modified":"2024-11-02T14:07:38","modified_gmt":"2024-11-02T13:07:38","slug":"vysledky-2008","status":"publish","type":"page","link":"http:\/\/barokomaraton.cz\/en\/zavod\/vysledky\/vysledky-2008\/","title":{"rendered":"V\u00fdsledky 2008"},"content":{"rendered":"<p><a href=\"http:\/\/barokomaraton.cz\/en\/zavod\/vysledky\/\">Zp\u011bt na v\u00fdsledky<\/a><\/p>\n<p>&nbsp;<\/p>\n<p><strong>21km \u2013 \u017deny<\/strong><\/p>\n<table>\n<tbody>\n<tr>\n<td><\/td>\n<td><b>P\u0159\u00edjmen\u00ed<\/b><\/td>\n<td><b>Jm\u00e9no<\/b><\/td>\n<td><b>\u010c\u00edslo<\/b><\/td>\n<td><b>\u010cas<\/b><\/td>\n<\/tr>\n<tr>\n<td>1<\/td>\n<td>Macourkov\u00e1<\/td>\n<td>Andrea<\/td>\n<td>84<\/td>\n<td>01:44:22<\/td>\n<\/tr>\n<tr>\n<td>2<\/td>\n<td>Hlinkov\u00e1<\/td>\n<td>Daniela<\/td>\n<td>113<\/td>\n<td>01:46:30<\/td>\n<\/tr>\n<tr>\n<td>3<\/td>\n<td>Blahov\u00e1<\/td>\n<td>Karol\u00edna<\/td>\n<td>69<\/td>\n<td>01:48:33<\/td>\n<\/tr>\n<tr>\n<td>4<\/td>\n<td>Groul\u00edkov\u00e1<\/td>\n<td>Mark\u00e9ta<\/td>\n<td>171<\/td>\n<td>01:50:56<\/td>\n<\/tr>\n<tr>\n<td>5<\/td>\n<td>\u0160ulcov\u00e1<\/td>\n<td>Jana<\/td>\n<td>54<\/td>\n<td>01:53:59<\/td>\n<\/tr>\n<tr>\n<td>6<\/td>\n<td>Asterov\u00e1<\/td>\n<td>Jana<\/td>\n<td>85<\/td>\n<td>01:54:43<\/td>\n<\/tr>\n<tr>\n<td>7<\/td>\n<td>Kr\u00e1l\u00ed\u010dkov\u00e1<\/td>\n<td>Irena<\/td>\n<td>61<\/td>\n<td>01:58:44<\/td>\n<\/tr>\n<tr>\n<td>8<\/td>\n<td>Van\u00ed\u010dkov\u00e1<\/td>\n<td>Jitka<\/td>\n<td>72<\/td>\n<td>02:01:31<\/td>\n<\/tr>\n<tr>\n<td>9<\/td>\n<td>Romanov\u00e1<\/td>\n<td>Lenka<\/td>\n<td>109<\/td>\n<td>02:03:01<\/td>\n<\/tr>\n<tr>\n<td>10<\/td>\n<td>Wiesnerova<\/td>\n<td>Petra<\/td>\n<td>3<\/td>\n<td>02:09:09<\/td>\n<\/tr>\n<tr>\n<td>11<\/td>\n<td>T\u0159\u00edskov\u00e1<\/td>\n<td>Dana<\/td>\n<td>146<\/td>\n<td>02:10:53<\/td>\n<\/tr>\n<tr>\n<td>12<\/td>\n<td>C\u00e1bov\u00e1<\/td>\n<td>Kamila<\/td>\n<td>313<\/td>\n<td>02:15:04<\/td>\n<\/tr>\n<tr>\n<td>13<\/td>\n<td>Van\u00ed\u010dkov\u00e1<\/td>\n<td>Eli\u0161ka<\/td>\n<td>180<\/td>\n<td>02:19:12<\/td>\n<\/tr>\n<tr>\n<td>14<\/td>\n<td>Helusov\u00e1<\/td>\n<td>Miroslava<\/td>\n<td>76<\/td>\n<td>02:23:34<\/td>\n<\/tr>\n<tr>\n<td>15<\/td>\n<td>Brabcov\u00e1<\/td>\n<td>Daniela<\/td>\n<td>81<\/td>\n<td>02:35:03<\/td>\n<\/tr>\n<tr>\n<td><\/td>\n<td>Strnadov\u00e1<\/td>\n<td>Dana<\/td>\n<td>100<\/td>\n<td><\/td>\n<\/tr>\n<\/tbody>\n<\/table>\n<p><strong>21km \u2013 Mu\u017ei<\/strong><\/p>\n<table>\n<tbody>\n<tr>\n<td><\/td>\n<td><b>P\u0159\u00edjmen\u00ed<\/b><\/td>\n<td><b>Jm\u00e9no<\/b><\/td>\n<td><b>\u010c\u00edslo<\/b><\/td>\n<td><b>\u010cas<\/b><\/td>\n<\/tr>\n<tr>\n<td>1<\/td>\n<td>Sokol<\/td>\n<td>Jan<\/td>\n<td>92<\/td>\n<td>01:18:02<\/td>\n<\/tr>\n<tr>\n<td>2<\/td>\n<td>V\u00edzek<\/td>\n<td>Jan<\/td>\n<td>119<\/td>\n<td>01:19:54<\/td>\n<\/tr>\n<tr>\n<td>3<\/td>\n<td>Jindra<\/td>\n<td>Petr<\/td>\n<td>120<\/td>\n<td>01:28:13<\/td>\n<\/tr>\n<tr>\n<td>4<\/td>\n<td>Altschul<\/td>\n<td>Pavel<\/td>\n<td>91<\/td>\n<td>01:30:29<\/td>\n<\/tr>\n<tr>\n<td>5<\/td>\n<td>\u0160upita<\/td>\n<td>Michal<\/td>\n<td>126<\/td>\n<td>01:31:16<\/td>\n<\/tr>\n<tr>\n<td>6<\/td>\n<td>Peterka<\/td>\n<td>Pavel<\/td>\n<td>183<\/td>\n<td>01:32:01<\/td>\n<\/tr>\n<tr>\n<td>7<\/td>\n<td>Bro\u017e<\/td>\n<td>Jan<\/td>\n<td>89<\/td>\n<td>01:34:45<\/td>\n<\/tr>\n<tr>\n<td>8<\/td>\n<td>\u0160najdr<\/td>\n<td>Jan<\/td>\n<td>172<\/td>\n<td>01:34:47<\/td>\n<\/tr>\n<tr>\n<td>9<\/td>\n<td>Hudousek<\/td>\n<td>Ji\u0159\u00ed<\/td>\n<td>110<\/td>\n<td>01:35:23<\/td>\n<\/tr>\n<tr>\n<td>10<\/td>\n<td>Hylas<\/td>\n<td>Miloslav<\/td>\n<td>93<\/td>\n<td>01:35:56<\/td>\n<\/tr>\n<tr>\n<td>11<\/td>\n<td>H\u016frka<\/td>\n<td>Ji\u0159\u00ed<\/td>\n<td>140<\/td>\n<td>01:38:31<\/td>\n<\/tr>\n<tr>\n<td>12<\/td>\n<td>Burian<\/td>\n<td>Jan<\/td>\n<td>83<\/td>\n<td>01:40:07<\/td>\n<\/tr>\n<tr>\n<td>13<\/td>\n<td>Herejt<\/td>\n<td>Petr<\/td>\n<td>129<\/td>\n<td>01:41:16<\/td>\n<\/tr>\n<tr>\n<td>14<\/td>\n<td>Z\u00edma<\/td>\n<td>Tom\u00e1\u0161<\/td>\n<td>111<\/td>\n<td>01:42:16<\/td>\n<\/tr>\n<tr>\n<td>15<\/td>\n<td>Aster<\/td>\n<td>Vladim\u00edr<\/td>\n<td>80<\/td>\n<td>01:43:23<\/td>\n<\/tr>\n<tr>\n<td>16<\/td>\n<td>Slab\u00fd<\/td>\n<td>V\u00e1clav<\/td>\n<td>145<\/td>\n<td>01:43:40<\/td>\n<\/tr>\n<tr>\n<td>17<\/td>\n<td>Ekl<\/td>\n<td>Ji\u0159\u00ed<\/td>\n<td>97<\/td>\n<td>01:44:18<\/td>\n<\/tr>\n<tr>\n<td>18<\/td>\n<td>Bouda<\/td>\n<td>Ji\u0159\u00ed<\/td>\n<td>179<\/td>\n<td>01:45:14<\/td>\n<\/tr>\n<tr>\n<td>19<\/td>\n<td>Pru\u0161inovsk\u00fd<\/td>\n<td>Zden\u011bk<\/td>\n<td>174<\/td>\n<td>01:45:35<\/td>\n<\/tr>\n<tr>\n<td>20<\/td>\n<td>Wirland<\/td>\n<td>Tom\u00e1\u0161<\/td>\n<td>74<\/td>\n<td>01:46:13<\/td>\n<\/tr>\n<tr>\n<td>21<\/td>\n<td>John<\/td>\n<td>Vladim\u00edr<\/td>\n<td>134<\/td>\n<td>01:46:21<\/td>\n<\/tr>\n<tr>\n<td>22<\/td>\n<td>Srb<\/td>\n<td>Jan<\/td>\n<td>167<\/td>\n<td>01:46:33<\/td>\n<\/tr>\n<tr>\n<td>23<\/td>\n<td>Hlav\u00e1\u010dek<\/td>\n<td><\/td>\n<td>143<\/td>\n<td>01:47:20<\/td>\n<\/tr>\n<tr>\n<td>24<\/td>\n<td>Z\u00edtek<\/td>\n<td>Pavel<\/td>\n<td>182<\/td>\n<td>01:47:39<\/td>\n<\/tr>\n<tr>\n<td>25<\/td>\n<td>Gross<\/td>\n<td>Pavel<\/td>\n<td>169<\/td>\n<td>01:48:14<\/td>\n<\/tr>\n<tr>\n<td>26<\/td>\n<td>Krejsa<\/td>\n<td>Jakub<\/td>\n<td>95<\/td>\n<td>01:48:55<\/td>\n<\/tr>\n<tr>\n<td>27<\/td>\n<td>Slemensk\u00fd<\/td>\n<td>Martin<\/td>\n<td>147<\/td>\n<td>01:49:00<\/td>\n<\/tr>\n<tr>\n<td>28<\/td>\n<td>Krej\u010d\u00ed<\/td>\n<td>Pavel<\/td>\n<td>170<\/td>\n<td>01:49:01<\/td>\n<\/tr>\n<tr>\n<td>29<\/td>\n<td>Kestler<\/td>\n<td>Pavel<\/td>\n<td>106<\/td>\n<td>01:49:27<\/td>\n<\/tr>\n<tr>\n<td>30<\/td>\n<td>Kov\u00e1\u0159\u00edk<\/td>\n<td>Miroslav<\/td>\n<td>101<\/td>\n<td>01:50:02<\/td>\n<\/tr>\n<tr>\n<td>31<\/td>\n<td>Urban<\/td>\n<td>Milan<\/td>\n<td>178<\/td>\n<td>01:50:10<\/td>\n<\/tr>\n<tr>\n<td>32<\/td>\n<td>Vlk<\/td>\n<td>Ale\u0161<\/td>\n<td>116<\/td>\n<td>01:50:59<\/td>\n<\/tr>\n<tr>\n<td>33<\/td>\n<td>Jehli\u010dka<\/td>\n<td>Pavel<\/td>\n<td>131<\/td>\n<td>01:53:59<\/td>\n<\/tr>\n<tr>\n<td>34<\/td>\n<td>\u0160kopek<\/td>\n<td>Richard<\/td>\n<td>1<\/td>\n<td>01:54:32<\/td>\n<\/tr>\n<tr>\n<td>35<\/td>\n<td>Bican<\/td>\n<td>Jaroslav<\/td>\n<td>67<\/td>\n<td>01:54:42<\/td>\n<\/tr>\n<tr>\n<td>36<\/td>\n<td>\u010cechura<\/td>\n<td>Jaroslav<\/td>\n<td>73<\/td>\n<td>01:54:52<\/td>\n<\/tr>\n<tr>\n<td>37<\/td>\n<td>Malkus<\/td>\n<td>Tom\u00e1\u0161<\/td>\n<td>96<\/td>\n<td>01:55:45<\/td>\n<\/tr>\n<tr>\n<td>38<\/td>\n<td>Ibler<\/td>\n<td>Tom\u00e1\u0161<\/td>\n<td>114<\/td>\n<td>01:58:28<\/td>\n<\/tr>\n<tr>\n<td>39<\/td>\n<td>Vytvar<\/td>\n<td>David<\/td>\n<td>79<\/td>\n<td>02:03:01<\/td>\n<\/tr>\n<tr>\n<td>40<\/td>\n<td>N\u00e1gl<\/td>\n<td>Rudolf<\/td>\n<td>104<\/td>\n<td>02:03:45<\/td>\n<\/tr>\n<tr>\n<td>41<\/td>\n<td>Luke\u0161<\/td>\n<td>Martin<\/td>\n<td>66<\/td>\n<td>02:05:01<\/td>\n<\/tr>\n<tr>\n<td>42<\/td>\n<td>\u0160vimbersk\u00fd<\/td>\n<td>Petr<\/td>\n<td>88<\/td>\n<td>02:05:02<\/td>\n<\/tr>\n<tr>\n<td>43<\/td>\n<td>H\u00e1\u0161a<\/td>\n<td>Stanislav<\/td>\n<td>56<\/td>\n<td>02:05:15<\/td>\n<\/tr>\n<tr>\n<td>44<\/td>\n<td>Fistr<\/td>\n<td>Lubo\u0161<\/td>\n<td>98<\/td>\n<td>02:05:23<\/td>\n<\/tr>\n<tr>\n<td>45<\/td>\n<td>Fistr<\/td>\n<td>Martin<\/td>\n<td>102<\/td>\n<td>02:06:27<\/td>\n<\/tr>\n<tr>\n<td>46<\/td>\n<td>Klement<\/td>\n<td>David<\/td>\n<td>70<\/td>\n<td>02:08:23<\/td>\n<\/tr>\n<tr>\n<td>47<\/td>\n<td>T\u016fma<\/td>\n<td>Tom\u00e1\u0161<\/td>\n<td>112<\/td>\n<td>02:08:41<\/td>\n<\/tr>\n<tr>\n<td>48<\/td>\n<td>P\u0159ib\u00e1\u0148<\/td>\n<td>Martin<\/td>\n<td>176<\/td>\n<td>02:08:41<\/td>\n<\/tr>\n<tr>\n<td>49<\/td>\n<td>Hal\u00ed\u010dek<\/td>\n<td>Petr<\/td>\n<td>86<\/td>\n<td>02:25:24<\/td>\n<\/tr>\n<tr>\n<td>50<\/td>\n<td>Bro\u017e\u00edk<\/td>\n<td>V\u00e1clav<\/td>\n<td>68<\/td>\n<td>02:25:24<\/td>\n<\/tr>\n<tr>\n<td>51<\/td>\n<td>Heis<\/td>\n<td><\/td>\n<td>138<\/td>\n<td>02:25:43<\/td>\n<\/tr>\n<tr>\n<td><\/td>\n<td>\u0160m\u00eddl<\/td>\n<td>V\u00e1clav<\/td>\n<td>130<\/td>\n<td><\/td>\n<\/tr>\n<tr>\n<td><\/td>\n<td>Samoh\u00fdl<\/td>\n<td>Marek<\/td>\n<td>52<\/td>\n<td><\/td>\n<\/tr>\n<tr>\n<td><\/td>\n<td>\u0160\u00edlen\u00fd<\/td>\n<td>Bronislav<\/td>\n<td>55<\/td>\n<td><\/td>\n<\/tr>\n<tr>\n<td><\/td>\n<td>Petr<\/td>\n<td>Ji\u0159\u00ed<\/td>\n<td>65<\/td>\n<td><\/td>\n<\/tr>\n<\/tbody>\n<\/table>\n<p><strong>42km \u2013 \u017deny<\/strong><\/p>\n<table>\n<tbody>\n<tr>\n<td><\/td>\n<td><b>P\u0159\u00edjmen\u00ed<\/b><\/td>\n<td><b>Jm\u00e9no<\/b><\/td>\n<td><b>\u010c\u00edslo<\/b><\/td>\n<td><b>\u010cas<\/b><\/td>\n<\/tr>\n<tr>\n<td>1<\/td>\n<td>Hor\u00e1kov\u00e1<\/td>\n<td>Renata<\/td>\n<td>137<\/td>\n<td>04:07:31<\/td>\n<\/tr>\n<tr>\n<td>2<\/td>\n<td>Jen\u00edkov\u00e1<\/td>\n<td>Karol\u00edna<\/td>\n<td>107<\/td>\n<td>04:13:24<\/td>\n<\/tr>\n<tr>\n<td>3<\/td>\n<td>Wohlrabov\u00e1<\/td>\n<td>Jitka<\/td>\n<td>53<\/td>\n<td>04:28:49<\/td>\n<\/tr>\n<tr>\n<td>4<\/td>\n<td>H\u016frkov\u00e1<\/td>\n<td>Dana<\/td>\n<td>139<\/td>\n<td>04:42:35<\/td>\n<\/tr>\n<tr>\n<td>5<\/td>\n<td>Wolf<\/td>\n<td>Dorote<\/td>\n<td>122<\/td>\n<td>04:46:53<\/td>\n<\/tr>\n<\/tbody>\n<\/table>\n<p><strong>42km \u2013 Mu\u017ei<\/strong><\/p>\n<table>\n<tbody>\n<tr>\n<td><\/td>\n<td><b>P\u0159\u00edjmen\u00ed<\/b><\/td>\n<td><b>Jm\u00e9no<\/b><\/td>\n<td><b>\u010c\u00edslo<\/b><\/td>\n<td><b>\u010cas<\/b><\/td>\n<\/tr>\n<tr>\n<td>1<\/td>\n<td>Ma\u0161ita<\/td>\n<td>Ji\u0159\u00ed<\/td>\n<td>133<\/td>\n<td>02:54:57<\/td>\n<\/tr>\n<tr>\n<td>2<\/td>\n<td>\u0160roubek<\/td>\n<td>Vlastimil<\/td>\n<td>135<\/td>\n<td>03:00:32<\/td>\n<\/tr>\n<tr>\n<td>3<\/td>\n<td>Bohdal<\/td>\n<td>Jaroslav<\/td>\n<td>173<\/td>\n<td>03:01:34<\/td>\n<\/tr>\n<tr>\n<td>4<\/td>\n<td>Ulma<\/td>\n<td>Tom\u00e1\u0161<\/td>\n<td>132<\/td>\n<td>03:07:02<\/td>\n<\/tr>\n<tr>\n<td>5<\/td>\n<td>Biba<\/td>\n<td>Jan<\/td>\n<td>78<\/td>\n<td>03:14:03<\/td>\n<\/tr>\n<tr>\n<td>6<\/td>\n<td>Helus<\/td>\n<td>Milan<\/td>\n<td>128<\/td>\n<td>03:16:07<\/td>\n<\/tr>\n<tr>\n<td>7<\/td>\n<td>Kalvoda<\/td>\n<td>Jan<\/td>\n<td>141<\/td>\n<td>03:35:39<\/td>\n<\/tr>\n<tr>\n<td>8<\/td>\n<td>Urban<\/td>\n<td>Milan<\/td>\n<td>82<\/td>\n<td>03:37:45<\/td>\n<\/tr>\n<tr>\n<td>9<\/td>\n<td>\u0160mucler<\/td>\n<td>V\u00e1clav<\/td>\n<td>177<\/td>\n<td>03:37:55<\/td>\n<\/tr>\n<tr>\n<td>10<\/td>\n<td>Tamchyna<\/td>\n<td>Petr<\/td>\n<td>105<\/td>\n<td>03:39:03<\/td>\n<\/tr>\n<tr>\n<td>11<\/td>\n<td>Fux<\/td>\n<td>Martin<\/td>\n<td>127<\/td>\n<td>03:45:46<\/td>\n<\/tr>\n<tr>\n<td>12<\/td>\n<td>Ditrich<\/td>\n<td>Tom\u00e1\u0161<\/td>\n<td>121<\/td>\n<td>03:51:36<\/td>\n<\/tr>\n<tr>\n<td>13<\/td>\n<td>\u010cern\u00fd<\/td>\n<td>Martin<\/td>\n<td>168<\/td>\n<td>03:53:19<\/td>\n<\/tr>\n<tr>\n<td>14<\/td>\n<td>Homolka<\/td>\n<td>Ond\u0159ej<\/td>\n<td>51<\/td>\n<td>03:54:06<\/td>\n<\/tr>\n<tr>\n<td>15<\/td>\n<td>Vosm\u00edk<\/td>\n<td>Radek<\/td>\n<td>87<\/td>\n<td>04:00:32<\/td>\n<\/tr>\n<tr>\n<td>16<\/td>\n<td>Urban<\/td>\n<td>Miroslav<\/td>\n<td>103<\/td>\n<td>04:00:48<\/td>\n<\/tr>\n<tr>\n<td>17<\/td>\n<td>Rais<\/td>\n<td>Karel<\/td>\n<td>175<\/td>\n<td>04:01:42<\/td>\n<\/tr>\n<tr>\n<td>18<\/td>\n<td>Kucha\u0159<\/td>\n<td>Petr<\/td>\n<td>108<\/td>\n<td>04:03:44<\/td>\n<\/tr>\n<tr>\n<td>19<\/td>\n<td>Vostr\u00fd<\/td>\n<td>Miroslav<\/td>\n<td>142<\/td>\n<td>04:05:57<\/td>\n<\/tr>\n<tr>\n<td>20<\/td>\n<td>Dolej\u0161<\/td>\n<td>Jan<\/td>\n<td>136<\/td>\n<td>04:07:31<\/td>\n<\/tr>\n<tr>\n<td>21<\/td>\n<td>Kr\u010d<\/td>\n<td>\u0160tefan<\/td>\n<td>181<\/td>\n<td>04:12:14<\/td>\n<\/tr>\n<tr>\n<td>22<\/td>\n<td>Kostka<\/td>\n<td>Josef<\/td>\n<td>144<\/td>\n<td>04:13:05<\/td>\n<\/tr>\n<tr>\n<td>23<\/td>\n<td>Lederer<\/td>\n<td>Jan<\/td>\n<td>117<\/td>\n<td>04:14:26<\/td>\n<\/tr>\n<tr>\n<td>24<\/td>\n<td>\u017d\u00e1kovec<\/td>\n<td>Pavel<\/td>\n<td>90<\/td>\n<td>04:16:57<\/td>\n<\/tr>\n<tr>\n<td>25<\/td>\n<td>Erben<\/td>\n<td>Petr<\/td>\n<td>59<\/td>\n<td>04:21:43<\/td>\n<\/tr>\n<tr>\n<td>26<\/td>\n<td>Teicmert<\/td>\n<td>Jurgen<\/td>\n<td>125<\/td>\n<td>04:26:06<\/td>\n<\/tr>\n<tr>\n<td>27<\/td>\n<td>Kubal<\/td>\n<td>Martin<\/td>\n<td><\/td>\n<td>04:32:13<\/td>\n<\/tr>\n<tr>\n<td>28<\/td>\n<td>B\u00edlek<\/td>\n<td>Filip<\/td>\n<td>75<\/td>\n<td>04:36:50<\/td>\n<\/tr>\n<tr>\n<td>29<\/td>\n<td>Krejsa<\/td>\n<td>V\u00e1clav<\/td>\n<td>330<\/td>\n<td>04:42:30<\/td>\n<\/tr>\n<tr>\n<td>30<\/td>\n<td>Morth<\/td>\n<td>Andree<\/td>\n<td>123<\/td>\n<td>04:46:53<\/td>\n<\/tr>\n<tr>\n<td>31<\/td>\n<td>Chrudina<\/td>\n<td>Dalibor<\/td>\n<td>64<\/td>\n<td>04:52:40<\/td>\n<\/tr>\n<tr>\n<td>32<\/td>\n<td>J\u00edlek<\/td>\n<td>Jan<\/td>\n<td>94<\/td>\n<td>04:54:47<\/td>\n<\/tr>\n<tr>\n<td>33<\/td>\n<td>Pavlica<\/td>\n<td>Karel<\/td>\n<td>71<\/td>\n<td>04:58:08<\/td>\n<\/tr>\n<tr>\n<td>34<\/td>\n<td>Nov\u00e1k<\/td>\n<td>Milan<\/td>\n<td>60<\/td>\n<td>05:10:56<\/td>\n<\/tr>\n<tr>\n<td>35<\/td>\n<td>K\u0159en<\/td>\n<td>Jakub<\/td>\n<td>62<\/td>\n<td>05:10:57<\/td>\n<\/tr>\n<tr>\n<td>36<\/td>\n<td>Cimler<\/td>\n<td>Vladim\u00edr<\/td>\n<td>57<\/td>\n<td>05:26:46<\/td>\n<\/tr>\n<tr>\n<td>37<\/td>\n<td>Vesel\u00fd<\/td>\n<td>Petr<\/td>\n<td>63<\/td>\n<td>05:49:34<\/td>\n<\/tr>\n<tr>\n<td><\/td>\n<td>Bayerov\u00e1<\/td>\n<td>Lenka<\/td>\n<td>118<\/td>\n<td><\/td>\n<\/tr>\n<tr>\n<td><\/td>\n<td>Kubal<\/td>\n<td>Martin<\/td>\n<td>99<\/td>\n<td><\/td>\n<\/tr>\n<tr>\n<td><\/td>\n<td>Ozga<\/td>\n<td>Zbignew<\/td>\n<td>77<\/td>\n<td><\/td>\n<\/tr>\n<tr>\n<td><\/td>\n<td>Mrha\u010d<\/td>\n<td>Ivan<\/td>\n<td>58<\/td>\n<td><\/td>\n<\/tr>\n<\/tbody>\n<\/table>\n<p><strong>4,2km \u2013 \u017deny<\/strong><\/p>\n<table>\n<tbody>\n<tr>\n<td><\/td>\n<td><b>P\u0159\u00edjmen\u00ed<\/b><\/td>\n<td><b>Jm\u00e9no<\/b><\/td>\n<td><b>\u010c\u00edslo<\/b><\/td>\n<\/tr>\n<tr>\n<td>1<\/td>\n<td>Asterov\u00e1<\/td>\n<td>Katka<\/td>\n<td>202<\/td>\n<\/tr>\n<tr>\n<td>2<\/td>\n<td>Vot\u00edkov\u00e1<\/td>\n<td>B<\/td>\n<td>261<\/td>\n<\/tr>\n<tr>\n<td>3<\/td>\n<td>Pavlyuk<\/td>\n<td>Kate\u0159ina<\/td>\n<td>222<\/td>\n<\/tr>\n<tr>\n<td>4<\/td>\n<td>Hynkov\u00e1<\/td>\n<td>Barbora<\/td>\n<td>206<\/td>\n<\/tr>\n<tr>\n<td>5<\/td>\n<td>Mike\u0161ov\u00e1<\/td>\n<td><\/td>\n<td>275<\/td>\n<\/tr>\n<tr>\n<td>6<\/td>\n<td>Dolej\u0161ov\u00e1<\/td>\n<td>S<\/td>\n<td>270<\/td>\n<\/tr>\n<tr>\n<td>7<\/td>\n<td>Blechov\u00e1<\/td>\n<td>Monika<\/td>\n<td>229<\/td>\n<\/tr>\n<tr>\n<td>8<\/td>\n<td>Bene\u0161ov\u00e1<\/td>\n<td>Kate\u0159ina<\/td>\n<td>273<\/td>\n<\/tr>\n<tr>\n<td>9<\/td>\n<td>Rebhounov\u00e1<\/td>\n<td>V\u00edt\u011bzslava<\/td>\n<td>217<\/td>\n<\/tr>\n<tr>\n<td>10<\/td>\n<td>Kadlecov\u00e1<\/td>\n<td>Patricie<\/td>\n<td>212<\/td>\n<\/tr>\n<tr>\n<td>11<\/td>\n<td>Melnykov\u00e1<\/td>\n<td>Aneta<\/td>\n<td>221<\/td>\n<\/tr>\n<tr>\n<td>12<\/td>\n<td>V\u00e1chov\u00e1<\/td>\n<td>Veronika<\/td>\n<td>218<\/td>\n<\/tr>\n<tr>\n<td>13<\/td>\n<td>Hole\u010dkov\u00e1<\/td>\n<td><\/td>\n<td>281<\/td>\n<\/tr>\n<tr>\n<td>14<\/td>\n<td>Urbanov\u00e1<\/td>\n<td>Ivan<\/td>\n<td>211<\/td>\n<\/tr>\n<tr>\n<td>15<\/td>\n<td>Pt\u00e1kov\u00e1<\/td>\n<td>Dominika<\/td>\n<td>216<\/td>\n<\/tr>\n<tr>\n<td>16<\/td>\n<td>Vejvodov\u00e1<\/td>\n<td><\/td>\n<td>26<\/td>\n<\/tr>\n<tr>\n<td>17<\/td>\n<td>Kozlov\u00e1<\/td>\n<td><\/td>\n<td>286<\/td>\n<\/tr>\n<tr>\n<td>18<\/td>\n<td>Antonov\u00e1<\/td>\n<td>V\u011bra<\/td>\n<td>276<\/td>\n<\/tr>\n<tr>\n<td>19<\/td>\n<td>Fialov\u00e1<\/td>\n<td><\/td>\n<td>271<\/td>\n<\/tr>\n<tr>\n<td>20<\/td>\n<td>Vejvodov\u00e1<\/td>\n<td><\/td>\n<td>25<\/td>\n<\/tr>\n<tr>\n<td>21<\/td>\n<td>Kozlov\u00e1<\/td>\n<td><\/td>\n<td>284<\/td>\n<\/tr>\n<tr>\n<td>22<\/td>\n<td>Kozlov\u00e1<\/td>\n<td><\/td>\n<td>285<\/td>\n<\/tr>\n<tr>\n<td>23<\/td>\n<td>Buri\u00e1nov\u00e1<\/td>\n<td>L<\/td>\n<td>255<\/td>\n<\/tr>\n<tr>\n<td>24<\/td>\n<td>Zedn\u00edkov\u00e1<\/td>\n<td>Jitka<\/td>\n<td>213<\/td>\n<\/tr>\n<tr>\n<td>25<\/td>\n<td>Zedn\u00edkov\u00e1<\/td>\n<td>Tereza<\/td>\n<td>214<\/td>\n<\/tr>\n<tr>\n<td><\/td>\n<td>Braunov\u00e1<\/td>\n<td><\/td>\n<td>274<\/td>\n<\/tr>\n<tr>\n<td><\/td>\n<td>Kohoutov\u00e1<\/td>\n<td><\/td>\n<td>283<\/td>\n<\/tr>\n<\/tbody>\n<\/table>\n<p><strong>4,2km \u2013 Mu\u017ei<\/strong><\/p>\n<table>\n<tbody>\n<tr>\n<td><\/td>\n<td><b>P\u0159\u00edjmen\u00ed<\/b><\/td>\n<td><b>Jm\u00e9no<\/b><\/td>\n<td><b>\u010c\u00edslo<\/b><\/td>\n<\/tr>\n<tr>\n<td>1<\/td>\n<td>\u0160roubek<\/td>\n<td>Vlastimil<\/td>\n<td>201<\/td>\n<\/tr>\n<tr>\n<td>2<\/td>\n<td>Verun\u011bk<\/td>\n<td>Miroslav<\/td>\n<td>224<\/td>\n<\/tr>\n<tr>\n<td>3<\/td>\n<td>Popel<\/td>\n<td>Karel<\/td>\n<td>282<\/td>\n<\/tr>\n<tr>\n<td>4<\/td>\n<td>Hynek<\/td>\n<td>Richard<\/td>\n<td>207<\/td>\n<\/tr>\n<tr>\n<td>5<\/td>\n<td>Chlum<\/td>\n<td>Martin<\/td>\n<td>230<\/td>\n<\/tr>\n<tr>\n<td>6<\/td>\n<td>Hobel<\/td>\n<td>Jaroslav<\/td>\n<td>219<\/td>\n<\/tr>\n<tr>\n<td>7<\/td>\n<td>Blass<\/td>\n<td>Martin<\/td>\n<td>205<\/td>\n<\/tr>\n<tr>\n<td>8<\/td>\n<td>Domabyl<\/td>\n<td><\/td>\n<td>36<\/td>\n<\/tr>\n<tr>\n<td>9<\/td>\n<td>Pokorny<\/td>\n<td><\/td>\n<td>264<\/td>\n<\/tr>\n<tr>\n<td>10<\/td>\n<td>Hole\u010dek<\/td>\n<td><\/td>\n<td>280<\/td>\n<\/tr>\n<tr>\n<td>11<\/td>\n<td>Wiesner<\/td>\n<td>J\u00e1chym<\/td>\n<td>267<\/td>\n<\/tr>\n<tr>\n<td>12<\/td>\n<td>Bene\u0161<\/td>\n<td>Roman<\/td>\n<td>272<\/td>\n<\/tr>\n<tr>\n<td>13<\/td>\n<td>Ur\u0161ul\u00e1k<\/td>\n<td>Martin<\/td>\n<td>223<\/td>\n<\/tr>\n<tr>\n<td>14<\/td>\n<td>Panu\u0161ka<\/td>\n<td>R<\/td>\n<td>258<\/td>\n<\/tr>\n<tr>\n<td>15<\/td>\n<td>\u0160tefl<\/td>\n<td>Mat\u011bj<\/td>\n<td>233<\/td>\n<\/tr>\n<tr>\n<td>16<\/td>\n<td>Jen\u00edkov\u00e1<\/td>\n<td>Petra<\/td>\n<td>204<\/td>\n<\/tr>\n<tr>\n<td>17<\/td>\n<td>Pa\u0161ek<\/td>\n<td>Miloslav<\/td>\n<td>220<\/td>\n<\/tr>\n<tr>\n<td>18<\/td>\n<td>Domabyl<\/td>\n<td><\/td>\n<td>38<\/td>\n<\/tr>\n<tr>\n<td>19<\/td>\n<td>Franta<\/td>\n<td>Jan<\/td>\n<td>279<\/td>\n<\/tr>\n<tr>\n<td>20<\/td>\n<td>Franta<\/td>\n<td>Adam<\/td>\n<td>278<\/td>\n<\/tr>\n<tr>\n<td>21<\/td>\n<td>Burian<\/td>\n<td>Jan<\/td>\n<td>256<\/td>\n<\/tr>\n<tr>\n<td>22<\/td>\n<td>Urban<\/td>\n<td>Tom\u00e1\u0161<\/td>\n<td>208<\/td>\n<\/tr>\n<tr>\n<td>23<\/td>\n<td>Bunda<\/td>\n<td>Martin<\/td>\n<td>227<\/td>\n<\/tr>\n<tr>\n<td>24<\/td>\n<td>Bunda<\/td>\n<td>Martin<\/td>\n<td>228<\/td>\n<\/tr>\n<tr>\n<td>25<\/td>\n<td>Ku\u010dera<\/td>\n<td>Pavel<\/td>\n<td>225<\/td>\n<\/tr>\n<tr>\n<td>26<\/td>\n<td>Urban<\/td>\n<td>Filip<\/td>\n<td>210<\/td>\n<\/tr>\n<tr>\n<td>27<\/td>\n<td>Rak<\/td>\n<td>Stanislav<\/td>\n<td>226<\/td>\n<\/tr>\n<tr>\n<td>28<\/td>\n<td>Aster<\/td>\n<td>Tom\u00e1\u0161<\/td>\n<td>203<\/td>\n<\/tr>\n<tr>\n<td>29<\/td>\n<td>Dolej\u0161<\/td>\n<td>L<\/td>\n<td>269<\/td>\n<\/tr>\n<tr>\n<td>30<\/td>\n<td>Zedn\u00edk<\/td>\n<td>Vojt\u011bch<\/td>\n<td>215<\/td>\n<\/tr>\n<tr>\n<td>31<\/td>\n<td>Stupka<\/td>\n<td>Jarda<\/td>\n<td>8<\/td>\n<\/tr>\n<tr>\n<td>32<\/td>\n<td>Urban<\/td>\n<td><\/td>\n<td>262<\/td>\n<\/tr>\n<tr>\n<td>33<\/td>\n<td>Urban<\/td>\n<td><\/td>\n<td>263<\/td>\n<\/tr>\n<tr>\n<td>34<\/td>\n<td>C\u00e1ba<\/td>\n<td>M\u00edra<\/td>\n<td>232<\/td>\n<\/tr>\n<tr>\n<td>35<\/td>\n<td>C\u00e1ba<\/td>\n<td>Daniel<\/td>\n<td>231<\/td>\n<\/tr>\n<tr>\n<td>36<\/td>\n<td>Svoboda<\/td>\n<td><\/td>\n<td>259<\/td>\n<\/tr>\n<tr>\n<td>37<\/td>\n<td>Kodl<\/td>\n<td>M<\/td>\n<td>260<\/td>\n<\/tr>\n<tr>\n<td>38<\/td>\n<td>Anton<\/td>\n<td>\u0160t\u011bp\u00e1n<\/td>\n<td>277<\/td>\n<\/tr>\n<tr>\n<td>39<\/td>\n<td>Burian<\/td>\n<td>Josef<\/td>\n<td>257<\/td>\n<\/tr>\n<tr>\n<td><\/td>\n<td>Hudousek<\/td>\n<td><\/td>\n<td>268<\/td>\n<\/tr>\n<tr>\n<td><\/td>\n<td>Kadlec<\/td>\n<td>M<\/td>\n<td>254<\/td>\n<\/tr>\n<tr>\n<td><\/td>\n<td>Dvo\u0159\u00e1k<\/td>\n<td>Jakub<\/td>\n<td>209<\/td>\n<\/tr>\n<tr>\n<td><\/td>\n<td>Sal\u00e1k<\/td>\n<td>Dominik<\/td>\n<td>234<\/td>\n<\/tr>\n<\/tbody>\n<\/table>\n<p><strong>42km \u2013 Psi<\/strong><\/p>\n<table>\n<tbody>\n<tr>\n<td><\/td>\n<td><b>P\u0159\u00edjmen\u00ed<\/b><\/td>\n<td><b>Jm\u00e9no<\/b><\/td>\n<td><b>\u010c\u00edslo<\/b><\/td>\n<td><b>\u010cas<\/b><\/td>\n<\/tr>\n<tr>\n<td>1<\/td>\n<td>Freyja<\/td>\n<td>Hund<\/td>\n<td>124<\/td>\n<td>04:46:52<\/td>\n<\/tr>\n<\/tbody>\n<\/table>","protected":false},"excerpt":{"rendered":"<p>Zp\u011bt na v\u00fdsledky &nbsp; 21km \u2013 \u017deny P\u0159\u00edjmen\u00ed Jm\u00e9no \u010c\u00edslo \u010cas 1 Macourkov\u00e1 Andrea 84 01:44:22 2 Hlinkov\u00e1 Daniela 113 01:46:30 3 Blahov\u00e1 Karol\u00edna 69 01:48:33 4 Groul\u00edkov\u00e1 Mark\u00e9ta 171 01:50:56 5 \u0160ulcov\u00e1 Jana 54 01:53:59 6 Asterov\u00e1 Jana 85 01:54:43 7 Kr\u00e1l\u00ed\u010dkov\u00e1 Irena 61 01:58:44 8 Van\u00ed\u010dkov\u00e1 Jitka 72 02:01:31 9 Romanov\u00e1 Lenka 109 [&hellip;]<\/p>\n","protected":false},"author":1,"featured_media":0,"parent":32,"menu_order":0,"comment_status":"closed","ping_status":"closed","template":"","meta":{"footnotes":""},"class_list":["post-436","page","type-page","status-publish","czr-hentry"],"_links":{"self":[{"href":"http:\/\/barokomaraton.cz\/en\/wp-json\/wp\/v2\/pages\/436","targetHints":{"allow":["GET"]}}],"collection":[{"href":"http:\/\/barokomaraton.cz\/en\/wp-json\/wp\/v2\/pages"}],"about":[{"href":"http:\/\/barokomaraton.cz\/en\/wp-json\/wp\/v2\/types\/page"}],"author":[{"embeddable":true,"href":"http:\/\/barokomaraton.cz\/en\/wp-json\/wp\/v2\/users\/1"}],"replies":[{"embeddable":true,"href":"http:\/\/barokomaraton.cz\/en\/wp-json\/wp\/v2\/comments?post=436"}],"version-history":[{"count":4,"href":"http:\/\/barokomaraton.cz\/en\/wp-json\/wp\/v2\/pages\/436\/revisions"}],"predecessor-version":[{"id":441,"href":"http:\/\/barokomaraton.cz\/en\/wp-json\/wp\/v2\/pages\/436\/revisions\/441"}],"up":[{"embeddable":true,"href":"http:\/\/barokomaraton.cz\/en\/wp-json\/wp\/v2\/pages\/32"}],"wp:attachment":[{"href":"http:\/\/barokomaraton.cz\/en\/wp-json\/wp\/v2\/media?parent=436"}],"curies":[{"name":"wp","href":"https:\/\/api.w.org\/{rel}","templated":true}]}}