{"id":32,"date":"2016-11-26T09:58:40","date_gmt":"2016-11-26T08:58:40","guid":{"rendered":"http:\/\/barokomaraton.cz\/?page_id=32"},"modified":"2025-09-09T07:12:10","modified_gmt":"2025-09-09T06:12:10","slug":"vysledky","status":"publish","type":"page","link":"http:\/\/barokomaraton.cz\/en\/zavod\/vysledky\/","title":{"rendered":"Results"},"content":{"rendered":"<p>V\u00fdsledkov\u00e1 listina Barokomaraton 2025 <a href=\"http:\/\/barokomaraton.cz\/wp-content\/uploads\/2025\/09\/baroko2025final.xlsx\"><img loading=\"lazy\" decoding=\"async\" width=\"50\" height=\"50\" class=\"alignnone wp-image-76\" src=\"http:\/\/barokomaraton.cz\/wp-content\/uploads\/2016\/11\/excel-icon-300x300.png\" alt=\"excel-icon\" srcset=\"http:\/\/barokomaraton.cz\/wp-content\/uploads\/2016\/11\/excel-icon-300x300.png 300w, http:\/\/barokomaraton.cz\/wp-content\/uploads\/2016\/11\/excel-icon-150x150.png 150w, http:\/\/barokomaraton.cz\/wp-content\/uploads\/2016\/11\/excel-icon.png 512w\" sizes=\"auto, (max-width: 50px) 100vw, 50px\" \/><\/a><a href=\"https:\/\/www.sportt.cz\/racesResults\/resultlist\/1308\">   <\/a><em><a href=\"https:\/\/www.sportt.cz\/racesResults\/resultlist\/1387\">External and interactive + certificates<\/a><\/em><\/p>\n\n\n\n<p>Results Barokomaraton 2024 <a href=\"http:\/\/barokomaraton.cz\/wp-content\/uploads\/2024\/09\/baroko2024final.xlsx\"><img loading=\"lazy\" decoding=\"async\" width=\"50\" height=\"50\" class=\"alignnone wp-image-76\" src=\"http:\/\/barokomaraton.cz\/wp-content\/uploads\/2016\/11\/excel-icon-300x300.png\" alt=\"excel-icon\" srcset=\"http:\/\/barokomaraton.cz\/wp-content\/uploads\/2016\/11\/excel-icon-300x300.png 300w, http:\/\/barokomaraton.cz\/wp-content\/uploads\/2016\/11\/excel-icon-150x150.png 150w, http:\/\/barokomaraton.cz\/wp-content\/uploads\/2016\/11\/excel-icon.png 512w\" sizes=\"auto, (max-width: 50px) 100vw, 50px\" \/><\/a><a href=\"https:\/\/www.sportt.cz\/racesResults\/resultlist\/1308\">   <em>External and interactive + certificates<\/em><\/a><br><br>Results Barokomaraton 2023 <a href=\"http:\/\/barokomaraton.cz\/wp-content\/uploads\/2023\/09\/baroko2023final.xlsx\"><img loading=\"lazy\" decoding=\"async\" width=\"50\" height=\"50\" class=\"alignnone wp-image-76\" src=\"http:\/\/barokomaraton.cz\/wp-content\/uploads\/2016\/11\/excel-icon-300x300.png\" alt=\"excel-icon\" srcset=\"http:\/\/barokomaraton.cz\/wp-content\/uploads\/2016\/11\/excel-icon-300x300.png 300w, http:\/\/barokomaraton.cz\/wp-content\/uploads\/2016\/11\/excel-icon-150x150.png 150w, http:\/\/barokomaraton.cz\/wp-content\/uploads\/2016\/11\/excel-icon.png 512w\" sizes=\"auto, (max-width: 50px) 100vw, 50px\" \/>   <\/a><a href=\"https:\/\/www.sportt.cz\/racesResults\/resultlist\/1213\"><em>External and interactive + certificates<\/em><\/a><br><br>Results Barokomaraton 2022 <a href=\"http:\/\/barokomaraton.cz\/wp-content\/uploads\/2022\/09\/baroko2022final.xlsx\"><img loading=\"lazy\" decoding=\"async\" width=\"50\" height=\"50\" class=\"alignnone wp-image-76\" src=\"http:\/\/barokomaraton.cz\/wp-content\/uploads\/2016\/11\/excel-icon-300x300.png\" alt=\"excel-icon\" srcset=\"http:\/\/barokomaraton.cz\/wp-content\/uploads\/2016\/11\/excel-icon-300x300.png 300w, http:\/\/barokomaraton.cz\/wp-content\/uploads\/2016\/11\/excel-icon-150x150.png 150w, http:\/\/barokomaraton.cz\/wp-content\/uploads\/2016\/11\/excel-icon.png 512w\" sizes=\"auto, (max-width: 50px) 100vw, 50px\" \/><\/a><a href=\"https:\/\/www.sportt.cz\/racesResults\/resultlist\/1116\">   <em>External and interactive + certificates<\/em><\/a><br><br>Results Barokomaraton 2021 <a href=\"http:\/\/barokomaraton.cz\/wp-content\/uploads\/2021\/09\/Baroko_maraton_2021-2.xlsx\"><img loading=\"lazy\" decoding=\"async\" width=\"50\" height=\"50\" class=\"alignnone wp-image-76\" src=\"http:\/\/barokomaraton.cz\/wp-content\/uploads\/2016\/11\/excel-icon-300x300.png\" alt=\"excel-icon\" srcset=\"http:\/\/barokomaraton.cz\/wp-content\/uploads\/2016\/11\/excel-icon-300x300.png 300w, http:\/\/barokomaraton.cz\/wp-content\/uploads\/2016\/11\/excel-icon-150x150.png 150w, http:\/\/barokomaraton.cz\/wp-content\/uploads\/2016\/11\/excel-icon.png 512w\" sizes=\"auto, (max-width: 50px) 100vw, 50px\" \/><\/a><a href=\"https:\/\/www.sportt.cz\/racesResults\/resultlist\/1041\">   <em>External and interactive + certificates<\/em><\/a><br><br>Results Barokomaraton 2020 <a href=\"http:\/\/barokomaraton.cz\/wp-content\/uploads\/2020\/09\/Baroko_maraton_2020.xlsx\"><img loading=\"lazy\" decoding=\"async\" width=\"50\" height=\"50\" class=\"alignnone wp-image-76\" src=\"http:\/\/barokomaraton.cz\/wp-content\/uploads\/2016\/11\/excel-icon-300x300.png\" alt=\"excel-icon\" srcset=\"http:\/\/barokomaraton.cz\/wp-content\/uploads\/2016\/11\/excel-icon-300x300.png 300w, http:\/\/barokomaraton.cz\/wp-content\/uploads\/2016\/11\/excel-icon-150x150.png 150w, http:\/\/barokomaraton.cz\/wp-content\/uploads\/2016\/11\/excel-icon.png 512w\" sizes=\"auto, (max-width: 50px) 100vw, 50px\" \/><\/a> Results team relays <a href=\"http:\/\/barokomaraton.cz\/wp-content\/uploads\/2020\/09\/tymy-vysledky_2020.pdf\"><img loading=\"lazy\" decoding=\"async\" width=\"50\" height=\"50\" class=\"alignnone wp-image-424\" src=\"http:\/\/barokomaraton.cz\/wp-content\/uploads\/2016\/11\/pdf-icon-150x150.png\" alt=\"\" srcset=\"http:\/\/barokomaraton.cz\/wp-content\/uploads\/2016\/11\/pdf-icon-150x150.png 150w, http:\/\/barokomaraton.cz\/wp-content\/uploads\/2016\/11\/pdf-icon.png 256w\" sizes=\"auto, (max-width: 50px) 100vw, 50px\" \/>   <\/a><a href=\"https:\/\/www.sportt.cz\/racesResults\/resultlist\/940\"><em>External and interactive + certificates<\/em><\/a><br><br>Results Barokomaraton 2019 <a href=\"http:\/\/barokomaraton.cz\/wp-content\/uploads\/2019\/09\/Baroko_maraton_2019.xlsx\"><img loading=\"lazy\" decoding=\"async\" width=\"50\" height=\"50\" class=\"alignnone wp-image-76\" src=\"http:\/\/barokomaraton.cz\/wp-content\/uploads\/2016\/11\/excel-icon-300x300.png\" alt=\"excel-icon\" srcset=\"http:\/\/barokomaraton.cz\/wp-content\/uploads\/2016\/11\/excel-icon-300x300.png 300w, http:\/\/barokomaraton.cz\/wp-content\/uploads\/2016\/11\/excel-icon-150x150.png 150w, http:\/\/barokomaraton.cz\/wp-content\/uploads\/2016\/11\/excel-icon.png 512w\" sizes=\"auto, (max-width: 50px) 100vw, 50px\" \/><\/a><a href=\"https:\/\/www.sportt.cz\/racesResults\/resultlist\/782\">   <em>External and interactive + certificates<\/em><\/a><br><br>Results Barokomaraton 2018&nbsp;<a href=\"http:\/\/barokomaraton.cz\/wp-content\/uploads\/2016\/11\/Baroko_maraton_2018.xlsx\"><img loading=\"lazy\" decoding=\"async\" width=\"50\" height=\"50\" class=\"alignnone wp-image-76\" src=\"http:\/\/barokomaraton.cz\/wp-content\/uploads\/2016\/11\/excel-icon-300x300.png\" alt=\"excel-icon\" srcset=\"http:\/\/barokomaraton.cz\/wp-content\/uploads\/2016\/11\/excel-icon-300x300.png 300w, http:\/\/barokomaraton.cz\/wp-content\/uploads\/2016\/11\/excel-icon-150x150.png 150w, http:\/\/barokomaraton.cz\/wp-content\/uploads\/2016\/11\/excel-icon.png 512w\" sizes=\"auto, (max-width: 50px) 100vw, 50px\" \/><\/a> Results team relays <a href=\"http:\/\/barokomaraton.cz\/wp-content\/uploads\/2018\/09\/Baroko-tymova_stafeta-2018.pdf\"><img loading=\"lazy\" decoding=\"async\" width=\"50\" height=\"50\" class=\"alignnone wp-image-424\" src=\"http:\/\/barokomaraton.cz\/wp-content\/uploads\/2016\/11\/pdf-icon-150x150.png\" alt=\"\" srcset=\"http:\/\/barokomaraton.cz\/wp-content\/uploads\/2016\/11\/pdf-icon-150x150.png 150w, http:\/\/barokomaraton.cz\/wp-content\/uploads\/2016\/11\/pdf-icon.png 256w\" sizes=\"auto, (max-width: 50px) 100vw, 50px\" \/><\/a><a href=\"https:\/\/www.sportt.cz\/racesResults\/resultlist\/611\"><em>   External and interactive + certificates<\/em><\/a><br><br>Results Barokomaraton 2017 <a href=\"http:\/\/barokomaraton.cz\/wp-content\/uploads\/2017\/09\/Barokomaraton_2017.xlsx\"><img loading=\"lazy\" decoding=\"async\" width=\"50\" height=\"50\" class=\"alignnone wp-image-76\" src=\"http:\/\/barokomaraton.cz\/wp-content\/uploads\/2016\/11\/excel-icon-300x300.png\" alt=\"excel-icon\" srcset=\"http:\/\/barokomaraton.cz\/wp-content\/uploads\/2016\/11\/excel-icon-300x300.png 300w, http:\/\/barokomaraton.cz\/wp-content\/uploads\/2016\/11\/excel-icon-150x150.png 150w, http:\/\/barokomaraton.cz\/wp-content\/uploads\/2016\/11\/excel-icon.png 512w\" sizes=\"auto, (max-width: 50px) 100vw, 50px\" \/><\/a> Results team relays&nbsp;<a href=\"http:\/\/barokomaraton.cz\/wp-content\/uploads\/2016\/11\/Barokomaraton2017_tymova_stafeta.pdf\"><img loading=\"lazy\" decoding=\"async\" width=\"50\" height=\"50\" class=\"alignnone wp-image-424\" src=\"http:\/\/barokomaraton.cz\/wp-content\/uploads\/2016\/11\/pdf-icon-150x150.png\" srcset=\"http:\/\/barokomaraton.cz\/wp-content\/uploads\/2016\/11\/pdf-icon-150x150.png 150w, http:\/\/barokomaraton.cz\/wp-content\/uploads\/2016\/11\/pdf-icon.png 256w\" sizes=\"auto, (max-width: 50px) 100vw, 50px\" \/><\/a><a href=\"https:\/\/www.sportt.cz\/racesResults\/resultlist\/447\">   <em>External and interactive + certificates<\/em><\/a><br><br>Results Barokomaraton 2016 <a href=\"http:\/\/barokomaraton.cz\/wp-content\/uploads\/2016\/11\/barokomaraton_vysledky_2016.xlsx\"> <img loading=\"lazy\" decoding=\"async\" width=\"50\" height=\"50\" class=\"alignnone wp-image-76\" src=\"http:\/\/barokomaraton.cz\/wp-content\/uploads\/2016\/11\/excel-icon-300x300.png\" alt=\"excel-icon\" srcset=\"http:\/\/barokomaraton.cz\/wp-content\/uploads\/2016\/11\/excel-icon-300x300.png 300w, http:\/\/barokomaraton.cz\/wp-content\/uploads\/2016\/11\/excel-icon-150x150.png 150w, http:\/\/barokomaraton.cz\/wp-content\/uploads\/2016\/11\/excel-icon.png 512w\" sizes=\"auto, (max-width: 50px) 100vw, 50px\" \/><\/a><br>Results Barokomaraton 2015 <a href=\"http:\/\/barokomaraton.cz\/wp-content\/uploads\/2016\/11\/results2015.xlsx\"> <img loading=\"lazy\" decoding=\"async\" width=\"50\" height=\"50\" class=\"alignnone wp-image-76\" src=\"http:\/\/barokomaraton.cz\/wp-content\/uploads\/2016\/11\/excel-icon-300x300.png\" alt=\"excel-icon\" srcset=\"http:\/\/barokomaraton.cz\/wp-content\/uploads\/2016\/11\/excel-icon-300x300.png 300w, http:\/\/barokomaraton.cz\/wp-content\/uploads\/2016\/11\/excel-icon-150x150.png 150w, http:\/\/barokomaraton.cz\/wp-content\/uploads\/2016\/11\/excel-icon.png 512w\" sizes=\"auto, (max-width: 50px) 100vw, 50px\" \/><\/a><br>Results Barokomaraton 2014 <a href=\"http:\/\/barokomaraton.cz\/wp-content\/uploads\/2016\/11\/results2014.xlsx\"> <img loading=\"lazy\" decoding=\"async\" width=\"50\" height=\"50\" class=\"alignnone wp-image-76\" src=\"http:\/\/barokomaraton.cz\/wp-content\/uploads\/2016\/11\/excel-icon-300x300.png\" alt=\"excel-icon\" srcset=\"http:\/\/barokomaraton.cz\/wp-content\/uploads\/2016\/11\/excel-icon-300x300.png 300w, http:\/\/barokomaraton.cz\/wp-content\/uploads\/2016\/11\/excel-icon-150x150.png 150w, http:\/\/barokomaraton.cz\/wp-content\/uploads\/2016\/11\/excel-icon.png 512w\" sizes=\"auto, (max-width: 50px) 100vw, 50px\" \/><\/a><br>Results Barokomaraton 2013 <a href=\"http:\/\/barokomaraton.cz\/wp-content\/uploads\/2016\/11\/results2013.xls\"> <img loading=\"lazy\" decoding=\"async\" width=\"50\" height=\"50\" class=\"alignnone wp-image-76\" src=\"http:\/\/barokomaraton.cz\/wp-content\/uploads\/2016\/11\/excel-icon-300x300.png\" alt=\"excel-icon\" srcset=\"http:\/\/barokomaraton.cz\/wp-content\/uploads\/2016\/11\/excel-icon-300x300.png 300w, http:\/\/barokomaraton.cz\/wp-content\/uploads\/2016\/11\/excel-icon-150x150.png 150w, http:\/\/barokomaraton.cz\/wp-content\/uploads\/2016\/11\/excel-icon.png 512w\" sizes=\"auto, (max-width: 50px) 100vw, 50px\" \/><\/a><br>Results Barokomaraton 2012 <a href=\"http:\/\/barokomaraton.cz\/wp-content\/uploads\/2016\/11\/results2012.pdf\"><img loading=\"lazy\" decoding=\"async\" width=\"50\" height=\"50\" class=\"alignnone wp-image-424\" src=\"http:\/\/barokomaraton.cz\/wp-content\/uploads\/2016\/11\/pdf-icon-150x150.png\" srcset=\"http:\/\/barokomaraton.cz\/wp-content\/uploads\/2016\/11\/pdf-icon-150x150.png 150w, http:\/\/barokomaraton.cz\/wp-content\/uploads\/2016\/11\/pdf-icon.png 256w\" sizes=\"auto, (max-width: 50px) 100vw, 50px\" \/><\/a><br>Results Barokomaraton 2011&nbsp;<a href=\"http:\/\/barokomaraton.cz\/wp-content\/uploads\/2016\/11\/results2011.pdf\"><img loading=\"lazy\" decoding=\"async\" width=\"50\" height=\"50\" class=\"alignnone wp-image-424\" src=\"http:\/\/barokomaraton.cz\/wp-content\/uploads\/2016\/11\/pdf-icon-150x150.png\" srcset=\"http:\/\/barokomaraton.cz\/wp-content\/uploads\/2016\/11\/pdf-icon-150x150.png 150w, http:\/\/barokomaraton.cz\/wp-content\/uploads\/2016\/11\/pdf-icon.png 256w\" sizes=\"auto, (max-width: 50px) 100vw, 50px\" \/><\/a><br>Results Barokomaraton 2010 <a href=\"http:\/\/barokomaraton.cz\/wp-content\/uploads\/2016\/11\/results2010.pdf\"><img loading=\"lazy\" decoding=\"async\" width=\"50\" height=\"50\" class=\"alignnone wp-image-424\" src=\"http:\/\/barokomaraton.cz\/wp-content\/uploads\/2016\/11\/pdf-icon-150x150.png\" srcset=\"http:\/\/barokomaraton.cz\/wp-content\/uploads\/2016\/11\/pdf-icon-150x150.png 150w, http:\/\/barokomaraton.cz\/wp-content\/uploads\/2016\/11\/pdf-icon.png 256w\" sizes=\"auto, (max-width: 50px) 100vw, 50px\" \/><\/a><br>Results Barokomaraton 2009 <a href=\"http:\/\/barokomaraton.cz\/wp-content\/uploads\/2016\/11\/results2009.pdf\"><img loading=\"lazy\" decoding=\"async\" width=\"50\" height=\"50\" class=\"alignnone wp-image-424\" src=\"http:\/\/barokomaraton.cz\/wp-content\/uploads\/2016\/11\/pdf-icon-150x150.png\" srcset=\"http:\/\/barokomaraton.cz\/wp-content\/uploads\/2016\/11\/pdf-icon-150x150.png 150w, http:\/\/barokomaraton.cz\/wp-content\/uploads\/2016\/11\/pdf-icon.png 256w\" sizes=\"auto, (max-width: 50px) 100vw, 50px\" \/><\/a><br><\/p>\n\n\n\n<p><a href=\"http:\/\/barokomaraton.cz\/en\/zavod\/vysledky\/vysledky-2008\/\">Results Barokomaraton 2008<\/a><\/p>","protected":false},"excerpt":{"rendered":"<p>V\u00fdsledkov\u00e1 listina Barokomaraton 2025 Extern\u00ed a interaktivn\u00ed + diplomy V\u00fdsledkov\u00e1 listina Barokomaraton 2024 Extern\u00ed a interaktivn\u00ed + diplomy V\u00fdsledkov\u00e1 listina Barokomaraton 2023 Extern\u00ed a interaktivn\u00ed + diplomy V\u00fdsledkov\u00e1 listina Barokomaraton 2022 Extern\u00ed a interaktivn\u00ed + diplomy V\u00fdsledkov\u00e1 listina Barokomaraton 2021 Extern\u00ed a interaktivn\u00ed + diplomy V\u00fdsledkov\u00e1 listina Barokomaraton 2020 V\u00fdsledky t\u00fdmov\u00fdch \u0161tafet Extern\u00ed a interaktivn\u00ed [&hellip;]<\/p>\n","protected":false},"author":1,"featured_media":0,"parent":24,"menu_order":0,"comment_status":"closed","ping_status":"closed","template":"","meta":{"footnotes":""},"class_list":["post-32","page","type-page","status-publish","czr-hentry"],"_links":{"self":[{"href":"http:\/\/barokomaraton.cz\/en\/wp-json\/wp\/v2\/pages\/32","targetHints":{"allow":["GET"]}}],"collection":[{"href":"http:\/\/barokomaraton.cz\/en\/wp-json\/wp\/v2\/pages"}],"about":[{"href":"http:\/\/barokomaraton.cz\/en\/wp-json\/wp\/v2\/types\/page"}],"author":[{"embeddable":true,"href":"http:\/\/barokomaraton.cz\/en\/wp-json\/wp\/v2\/users\/1"}],"replies":[{"embeddable":true,"href":"http:\/\/barokomaraton.cz\/en\/wp-json\/wp\/v2\/comments?post=32"}],"version-history":[{"count":57,"href":"http:\/\/barokomaraton.cz\/en\/wp-json\/wp\/v2\/pages\/32\/revisions"}],"predecessor-version":[{"id":2074,"href":"http:\/\/barokomaraton.cz\/en\/wp-json\/wp\/v2\/pages\/32\/revisions\/2074"}],"up":[{"embeddable":true,"href":"http:\/\/barokomaraton.cz\/en\/wp-json\/wp\/v2\/pages\/24"}],"wp:attachment":[{"href":"http:\/\/barokomaraton.cz\/en\/wp-json\/wp\/v2\/media?parent=32"}],"curies":[{"name":"wp","href":"https:\/\/api.w.org\/{rel}","templated":true}]}}