{"id":26,"date":"2016-11-26T09:53:23","date_gmt":"2016-11-26T08:53:23","guid":{"rendered":"http:\/\/barokomaraton.cz\/?page_id=26"},"modified":"2025-11-26T09:53:48","modified_gmt":"2025-11-26T08:53:48","slug":"propozice","status":"publish","type":"page","link":"http:\/\/barokomaraton.cz\/en\/propozice\/","title":{"rendered":"Rules"},"content":{"rendered":"<p><strong>Start and finish:<\/strong> Are\u00e1l Velk\u00e1 louka, Plasy<\/p>\n\n\n\n<p><strong>Date:<\/strong> 5 September 2026<\/p>\n\n\n\n<p><strong>Time limit:<\/strong> 6 hours for marathon, 16 hours for ultra 100k<\/p>\n\n\n\n<p><strong>Max. number of participants:<\/strong> 1,000 runners<\/p>\n\n\n\n<p><strong>Omezen\u00ed:<\/strong> canicross not allowed<\/p>\n\n\n\n<p><strong>Organiser:<\/strong> Rumning klap, Z\u00e1lu\u017e\u00ed 64, T\u0159emo\u0161n\u00e1 330 11, Czech Republic<\/p>\n\n\n\n<h2 class=\"wp-block-heading\">Overview of all courses, registration fees and deadlines<\/h2>\n\n\n\n<table id=\"tablepress-1\" class=\"tablepress tablepress-id-1\">\n<thead>\n<tr class=\"row-1\">\n\t<th class=\"column-1\">Course<\/th><th class=\"column-2\">Note<\/th><th class=\"column-3\">Price<\/th>\n<\/tr>\n<\/thead>\n<tbody class=\"row-striping row-hover\">\n<tr class=\"row-2\">\n\t<td class=\"column-1\">Baroko VSK Profi ultra 100 km<\/td><td class=\"column-2\"><\/td><td class=\"column-3\">700 CZK ~ 28 EUR<\/td>\n<\/tr>\n<tr class=\"row-3\">\n\t<td class=\"column-1\"><\/td><td class=\"column-2\">for the members of the Czech Association of Ultrarunners<\/td><td class=\"column-3\">600 CZK ~ 24 EUR<\/td>\n<\/tr>\n<tr class=\"row-4\">\n\t<td class=\"column-1\"><\/td><td class=\"column-2\"><\/td><td class=\"column-3\"><\/td>\n<\/tr>\n<tr class=\"row-5\">\n\t<td class=\"column-1\">Baroko marathon<\/td><td class=\"column-2\">do 30. 6. 2026<\/td><td class=\"column-3\">600 CZK ~ 24 EUR<\/td>\n<\/tr>\n<tr class=\"row-6\">\n\t<td class=\"column-1\"><\/td><td class=\"column-2\">od 1. 7. do 30. 8. 2026<\/td><td class=\"column-3\">700 CZK ~ 28 EUR<\/td>\n<\/tr>\n<tr class=\"row-7\">\n\t<td class=\"column-1\"><\/td><td class=\"column-2\">od 31. 8. 2026<\/td><td class=\"column-3\">1,000 CZK ~ 40 EUR<\/td>\n<\/tr>\n<tr class=\"row-8\">\n\t<td class=\"column-1\"><\/td><td class=\"column-2\"><\/td><td class=\"column-3\"><\/td>\n<\/tr>\n<tr class=\"row-9\">\n\t<td class=\"column-1\">Baroko half marathon<\/td><td class=\"column-2\">do 30. 6. 2026<\/td><td class=\"column-3\">500 CZK ~ 20 EUR<\/td>\n<\/tr>\n<tr class=\"row-10\">\n\t<td class=\"column-1\"><\/td><td class=\"column-2\">od 1. 7. do 30. 8. 2026<\/td><td class=\"column-3\">600 CZK ~ 24 EUR<\/td>\n<\/tr>\n<tr class=\"row-11\">\n\t<td class=\"column-1\"><\/td><td class=\"column-2\">od 31. 8. 2026<\/td><td class=\"column-3\">800 CZK ~ 32 EUR<\/td>\n<\/tr>\n<tr class=\"row-12\">\n\t<td class=\"column-1\"><\/td><td class=\"column-2\"><\/td><td class=\"column-3\"><\/td>\n<\/tr>\n<tr class=\"row-13\">\n\t<td class=\"column-1\">Baroko 10k<\/td><td class=\"column-2\">do 30. 6. 2026<\/td><td class=\"column-3\">300 K\u010d<\/td>\n<\/tr>\n<tr class=\"row-14\">\n\t<td class=\"column-1\"><\/td><td class=\"column-2\">od 1. 7. do 30. 8. 2026<\/td><td class=\"column-3\">400 CZK ~ 16 EUR<\/td>\n<\/tr>\n<tr class=\"row-15\">\n\t<td class=\"column-1\"><\/td><td class=\"column-2\">od 31. 8. 2026<\/td><td class=\"column-3\">500 CZK ~ 20 EUR<\/td>\n<\/tr>\n<tr class=\"row-16\">\n\t<td class=\"column-1\"><\/td><td class=\"column-2\">youth until 15 years old<\/td><td class=\"column-3\">FREE OF CHARGE<\/td>\n<\/tr>\n<tr class=\"row-17\">\n\t<td class=\"column-1\"><\/td><td class=\"column-2\"><\/td><td class=\"column-3\"><\/td>\n<\/tr>\n<tr class=\"row-18\">\n\t<td class=\"column-1\">Baroko 4.2k<\/td><td class=\"column-2\">do 30. 8. 2026<\/td><td class=\"column-3\">150 CZK ~ 6 EUR<\/td>\n<\/tr>\n<tr class=\"row-19\">\n\t<td class=\"column-1\"><\/td><td class=\"column-2\">od 31. 8. 2026<\/td><td class=\"column-3\">200 CZK ~ 8 EUR<\/td>\n<\/tr>\n<tr class=\"row-20\">\n\t<td class=\"column-1\"><\/td><td class=\"column-2\">youth until 15 years old<\/td><td class=\"column-3\">FREE OF CHARGE<\/td>\n<\/tr>\n<tr class=\"row-21\">\n\t<td class=\"column-1\"><\/td><td class=\"column-2\"><\/td><td class=\"column-3\"><\/td>\n<\/tr>\n<tr class=\"row-22\">\n\t<td class=\"column-1\">Kids' races on 420m<\/td><td class=\"column-2\">for kids up to 9 years<\/td><td class=\"column-3\">FREE OF CHARGE<\/td>\n<\/tr>\n<tr class=\"row-23\">\n\t<td class=\"column-1\"><\/td><td class=\"column-2\">bez online registrace, registrace na m\u00edst\u011b<\/td><td class=\"column-3\"><\/td>\n<\/tr>\n<tr class=\"row-24\">\n\t<td class=\"column-1\"><\/td><td class=\"column-2\">starting at 11am, 11.30am, 12pm, 12.30pm, 1pm<\/td><td class=\"column-3\"><\/td>\n<\/tr>\n<\/tbody>\n<tfoot>\n<tr class=\"row-25\">\n\t<td class=\"column-1\"><\/td><td class=\"column-2\"><\/td><td class=\"column-3\"><\/td>\n<\/tr>\n<\/tfoot>\n<\/table>\n<!-- #tablepress-1 from cache -->\n\n\n<p><strong>Team relay:<\/strong> Category designated for teams of three competitors who together complete these courses \u2013 <a href=\"http:\/\/barokomaraton.cz\/en\/trate\/10_km\/\" data-type=\"page\" data-id=\"1527\">10k<\/a>, <a href=\"http:\/\/barokomaraton.cz\/en\/trate\/pulmaraton\/\" data-type=\"page\" data-id=\"1525\">Baroko half marathon<\/a> and <a href=\"http:\/\/barokomaraton.cz\/en\/trate\/maraton\/\" data-type=\"page\" data-id=\"1523\">marathon<\/a> according to these rules. The total time from these courses will be decisive. To register for the team relay, you need to fill in a uniform team name in the TEAM RELAY column (T\u00ddMOV\u00c1 \u0160TAFETA) during online registration.<\/p>\n\n\n\n<hr class=\"wp-block-separator has-alpha-channel-opacity\"\/>\n\n\n\n<h2 class=\"wp-block-heading\">Registration, attendance and updates<\/h2>\n\n\n\n<p><strong>Registration and payment of entry fees:<\/strong> You will receive information on how to pay the entry fee in the confirmation email after registration. You can also pay the entry fee online with a bank card.<\/p>\n\n\n\n<div class=\"wp-block-buttons is-layout-flex wp-block-buttons-is-layout-flex\">\n<div class=\"wp-block-button has-custom-width wp-block-button__width-50\"><a class=\"wp-block-button__link wp-element-button\" href=\"http:\/\/barokomaraton.cz\/en\/zavod\/prihlasky\/\">ONLINE REGISTRATION<\/a><\/div>\n<\/div>\n\n\n\n<p><a href=\"http:\/\/barokomaraton.cz\/en\/ochrana-osobnich-udaju\/\" data-type=\"link\" data-id=\"barokomaraton.cz\/ochrana-osobnich-udaju\/\"><strong>Data protection<\/strong><\/a><\/p>\n\n\n\n<p><strong>Attendance:<\/strong> Area of Velk\u00e1 louka Plasy, Friday 4 September 2026,  6 - 8.30 pm (for <a href=\"http:\/\/barokomaraton.cz\/en\/trate\/ultra-100-km\/\" data-type=\"page\" data-id=\"1521\">ultra 100k<\/a> until 11 pm), Saturday 5 September 2026 7.30 am - <strong>9:20<\/strong> am. After this period, participation cannot be guaranteeed.<\/p>\n\n\n\n<p><strong>Updates:<\/strong> In the event of non-attendance, a paid registration may be transferred to another person (a substitute). If you cannot participate for health reasons, your registration may be transferred to the next edition of the Barokomaraton (must be reported by 30 August 2026). The transfer to the next edition can be made only once. If this option is not used, the entry fee is forfeited to the organiser.<\/p>\n\n\n\n<p>Participants also have the option to change the course and other details, such as the running club and the name of the team relay. These changes can be made by the competitor themselves in the <a href=\"http:\/\/barokomaraton.cz\/en\/zavod\/prihlasky\/\">online registration system.<\/a>.<\/p>\n\n\n\n<p><strong>Functional T-shirt<\/strong> As part of the registration, you can order a functional T-shirt by Compressport with the Barokomaraton design for 600 CZK. The T-shirt can be ordered <strong>no later than 12 May 2026<\/strong>. The T-shirt will be available for pickup during on-site registration.<\/p>\n\n\n\n<div class=\"wp-block-group is-nowrap is-layout-flex wp-container-core-group-is-layout-ad2f72ca wp-block-group-is-layout-flex\">\n<p>Size chart: <\/p>\n\n\n\n<figure class=\"wp-block-image size-full is-resized\"><a href=\"http:\/\/barokomaraton.cz\/wp-content\/uploads\/2025\/11\/velikostni_tabulky_COMPRESSPORT_PROMO_SS_TOP_MAN_WOMAN.xlsx\" target=\"_blank\" rel=\" noreferrer noopener\"><img loading=\"lazy\" decoding=\"async\" width=\"512\" height=\"512\" src=\"http:\/\/barokomaraton.cz\/wp-content\/uploads\/2016\/11\/excel-icon.png\" alt=\"\" class=\"wp-image-76\" style=\"width:38px;height:auto\" srcset=\"http:\/\/barokomaraton.cz\/wp-content\/uploads\/2016\/11\/excel-icon.png 512w, http:\/\/barokomaraton.cz\/wp-content\/uploads\/2016\/11\/excel-icon-150x150.png 150w, http:\/\/barokomaraton.cz\/wp-content\/uploads\/2016\/11\/excel-icon-300x300.png 300w\" sizes=\"auto, (max-width: 512px) 100vw, 512px\" \/><\/a><\/figure>\n<\/div>\n\n\n\n<figure class=\"wp-block-image size-full\"><img loading=\"lazy\" decoding=\"async\" width=\"600\" height=\"339\" src=\"https:\/\/barokomaraton.cz\/wp-content\/uploads\/2025\/11\/Barokomaraton-2026-v3.png\" alt=\"\" class=\"wp-image-2125\" srcset=\"http:\/\/barokomaraton.cz\/wp-content\/uploads\/2025\/11\/Barokomaraton-2026-v3.png 600w, http:\/\/barokomaraton.cz\/wp-content\/uploads\/2025\/11\/Barokomaraton-2026-v3-300x170.png 300w, http:\/\/barokomaraton.cz\/wp-content\/uploads\/2025\/11\/Barokomaraton-2026-v3-18x10.png 18w\" sizes=\"auto, (max-width: 600px) 100vw, 600px\" \/><\/figure>\n\n\n\n<hr class=\"wp-block-separator has-alpha-channel-opacity\"\/>\n\n\n\n<h2 class=\"wp-block-heading\">Programme<\/h2>\n\n\n\n<p><strong>Friday 4 September 2026:<\/strong><\/p>\n\n\n\n<ul class=\"wp-block-list\">\n<li>6 - 7.30pm Attendance (for Baroko ultra 100k until 11.30pm)<\/li>\n\n\n\n<li>12am (midnight) Start <strong>Baroko Ultra 100k<\/strong><strong><br><\/strong><\/li>\n<\/ul>\n\n\n\n<p><strong>5 September 2026:<\/strong><\/p>\n\n\n\n<ul class=\"wp-block-list\">\n<li>7.30 - 9.20am Attendance<\/li>\n\n\n\n<li>10am Start of <strong>Baroko marathon<\/strong><\/li>\n\n\n\n<li>10.20am Start of <strong>Baroko half marathon<\/strong><\/li>\n\n\n\n<li>10.40am Start of <strong>Baroko 10k<\/strong><\/li>\n\n\n\n<li>10.55am Start of <strong>Baroko 4.2k<\/strong><\/li>\n\n\n\n<li>11am Kid's race (up to 9 years)<\/li>\n\n\n\n<li>11.30am Kid's race (up to 9 years)<\/li>\n\n\n\n<li>12am Kid's race (up to 9 years)<\/li>\n\n\n\n<li>12pm Prize giving of <strong>Baroko VSK Profi ultra 100 km<\/strong><\/li>\n\n\n\n<li>12.30pm Prize giving of <strong>Baroko 4.2k<\/strong><\/li>\n\n\n\n<li>12.30pm Kid's race (up to 9 years)<\/li>\n\n\n\n<li>1pm Kid's race (up to 9 years)<\/li>\n\n\n\n<li>1.30pm Prize giving of <strong>Baroko 10k<\/strong><\/li>\n\n\n\n<li>2.30pm Prize giving of <strong>Baroko half marathon<\/strong><\/li>\n\n\n\n<li>3.30pm Prize giving of <strong>Baroko marathon<\/strong> and <strong>team relays<\/strong><\/li>\n<\/ul>\n\n\n\n<hr class=\"wp-block-separator has-alpha-channel-opacity\"\/>\n\n\n\n<h2 class=\"wp-block-heading\">Categories<\/h2>\n\n\n\n<p>The decisive factor for category placement is solely the year of birth.<\/p>\n\n\n\n<p><strong>Categories for Baroko VSK Profi ultra 100 km:<\/strong><\/p>\n\n\n\n<ul class=\"wp-block-list\">\n<li>men, women<\/li>\n<\/ul>\n\n\n\n<p><strong>Kategorie pro Baroko maraton, Baroko p\u016flmaraton a Baroko 10 km:<\/strong><\/p>\n\n\n\n<ul class=\"wp-block-list\">\n<li>men, women up to 39 years<\/li>\n\n\n\n<li>men, women between 40 and 49 years<\/li>\n\n\n\n<li>men, women between 50 and 59 years<\/li>\n\n\n\n<li>men, women between 60 and 69 years<\/li>\n\n\n\n<li>men, women above 70 years<\/li>\n<\/ul>\n\n\n\n<p><strong>Categories for Baroko 4.2k:<\/strong><\/p>\n\n\n\n<ul class=\"wp-block-list\">\n<li>men, women up to 14 years<\/li>\n\n\n\n<li>men, women above 15 years<\/li>\n<\/ul>\n\n\n\n<hr class=\"wp-block-separator has-alpha-channel-opacity\"\/>\n\n\n\n<h2 class=\"wp-block-heading\">The entry fee includes<\/h2>\n\n\n\n<ul class=\"wp-block-list\">\n<li>commemorative medal<\/li>\n\n\n\n<li>race number<\/li>\n\n\n\n<li>chip timing<\/li>\n\n\n\n<li>refreshments on the course and after the race (food and drink)<\/li>\n\n\n\n<li>facilities with service and Baroko expo in the area of Velk\u00e1 louka Plasy<\/li>\n\n\n\n<li>online results<\/li>\n<\/ul>\n\n\n\n<hr class=\"wp-block-separator has-alpha-channel-opacity\"\/>\n\n\n\n<h2 class=\"wp-block-heading\">Further information<\/h2>\n\n\n\n<p><strong>Surface:<\/strong> The Barokomaraton courses consist of forest and field paths and third-class roads.<\/p>\n\n\n\n<p><strong>Aid stations:<\/strong> Na trat\u00edch Baroko maratonu, Baroko p\u016flmaratonu a Baroko 10 km jsou pravideln\u00e9 ob\u010derstvovac\u00ed stanice. Pro z\u00e1vodn\u00edky je k dispozici voda, iontov\u00fd n\u00e1poj, ban\u00e1ny, jablka, \u010dokol\u00e1da a rozinky. Na ob\u010derstvovac\u00edch stanic\u00edch budou k dispozici jednor\u00e1zov\u00e9 kel\u00edmky. Pro sn\u00ed\u017een\u00ed ekologick\u00e9 z\u00e1t\u011b\u017ee v\u0161ak doporu\u010dujeme z\u00e1vodn\u00edk\u016fm vyu\u017e\u00edt vlastn\u00ed skl\u00e1dac\u00ed kel\u00edmek (speedcup) nebo jinou opakovan\u011b pou\u017eitelnou n\u00e1dobu na pit\u00ed. Omezen\u00e9 mno\u017estv\u00ed skl\u00e1dac\u00edch kel\u00edmk\u016f bude k prodeji v are\u00e1lu startu a c\u00edle p\u0159ed z\u00e1vodem.<\/p>\n\n\n\n<p><strong>Insurance and safety:<\/strong> Race participants are not insured by the organizer, and each competes at their own risk. The running courses in some places follow third-class roads. Therefore, competitors must take this into account and behave as proper participants in road traffic.<\/p>\n\n\n\n<p><strong>Race number:<\/strong> The competitor must have the race number placed on the front of the upper part of the body, clearly visible at all times during the race.<\/p>\n\n\n\n<p><strong>Loss of chip:<\/strong> Loss of the chip is subject to a fee of 500 CZK (~20 EUR). If you lose the chip, this amount will be required from you.<\/p>\n\n\n\n<p><strong>Cloak rooms:<\/strong> Guarded in the venue.<\/p>\n\n\n\n<p><strong>Showers:<\/strong> In the building of the Secondary Vocational School Plasy (approximately 500 meters from the venue)<\/p>\n\n\n\n<p><strong>Results:<\/strong> Results will be available on the notice board at the venue. Results will be published on the website within 24 hours after the end of the race. Claims regarding the results can be submitted within two days after the race has finished.<\/p>\n\n\n\n<p><strong>Public transport:<\/strong> <a rel=\"noopener noreferrer\" href=\"https:\/\/idos.idnes.cz\/en\/\" target=\"_blank\">https:\/\/idos.idnes.cz\/en\/<\/a><\/p>\n\n\n\n<p><strong>Parking:<\/strong> Reserved parking on the meadow in front of the entrance to the area of Velk\u00e1 louka. Entry into the area is not permitted. Follow the signs and instructions from the organizers.<\/p>\n\n\n\n<hr class=\"wp-block-separator has-alpha-channel-opacity\"\/>\n\n\n\n<h2 class=\"wp-block-heading\">Accommodation<\/h2>\n\n\n\n<p><strong>Pension houses and hotels:<\/strong><\/p>\n\n\n\n<ul class=\"wp-block-list\">\n<li>Penzion Na V\u00fdslun\u00ed Kralovice, tel. 723 846 225, 11 km od Plas, <a href=\"http:\/\/www.penzionnavysluni.wz.cz\" target=\"_blank\" rel=\"noopener noreferrer\">http:\/\/www.penzionnavysluni.wz.cz<\/a><\/li>\n\n\n\n<li>Penzion Rudolf II &#8211; Plasy, tel. 724 105 952, <a href=\"http:\/\/www.pivovarskydvurplasy.cz\/\" target=\"_blank\" rel=\"noopener noreferrer\">http:\/\/www.pivovarskydvurplasy.cz\/<\/a><\/li>\n\n\n\n<li>Priv\u00e1t Ji\u0159\u00ed Sad\u00edlek &#8211; Man\u011bt\u00ednsk\u00e1 137, Plasy, tel:&nbsp;721&nbsp;472&nbsp;194, <a href=\"http:\/\/chalupakpronajmu.webnode.cz\/\" target=\"_blank\" rel=\"noopener noreferrer\">http:\/\/chalupakpronajmu.webnode.cz\/<\/a><\/li>\n\n\n\n<li>Hotel B\u00edl\u00fd Ber\u00e1nek &#8211; Kralovice (12km), tel. 373 300 373, <a href=\"http:\/\/www.bilyberanek.eu\/\" target=\"_blank\" rel=\"noopener noreferrer\">http:\/\/www.bilyberanek.eu\/<\/a><\/li>\n\n\n\n<li>Hotel Prus\u00edk &#8211; Kralovice (12km), tel. 739 058 383, <a href=\"http:\/\/hotel-prusik.cz\/\" target=\"_blank\" rel=\"noopener noreferrer\">http:\/\/hotel-prusik.cz\/<\/a><\/li>\n\n\n\n<li>Penzion Kate\u0159ina &#8211; Kralovice (12km), tel. 777 343 494, <a href=\"http:\/\/www.penzionkaterina.wz.cz\" target=\"_blank\" rel=\"noopener noreferrer\">http:\/\/www.penzionkaterina.wz.cz\/<\/a><\/li>\n\n\n\n<li>Pizzerie Na&nbsp;Barrandov\u011b &#8211; Hutn\u00ed 395, Plasy, tel. 606&nbsp;155&nbsp;046 nebo 732&nbsp;886 754, <a href=\"http:\/\/www.plasy.cz\/e_download.php?file=data\/editor\/88cs_2.pdf&amp;original=SKMBT_C20317071916140.pdf\" target=\"_blank\" rel=\"noopener noreferrer\">informa\u010dn\u00ed let\u00e1k<\/a><\/li>\n<\/ul>\n\n\n\n<p><strong>Camp sites:<\/strong><\/p>\n\n\n\n<ul class=\"wp-block-list\">\n<li>Rekrea\u010dn\u00ed st\u0159edisko M\u00e1j &#8211; Plasy, tel. 602&nbsp;445&nbsp;563, 602&nbsp;699&nbsp;771, <a href=\"http:\/\/rekreace-maj.haul.cz\/\" target=\"_blank\" rel=\"noopener noreferrer\">http:\/\/rekreace-maj.haul.cz\/<\/a><\/li>\n\n\n\n<li>SPORT-KEMP &#8211; Kralovice, p.Rom 737 753 413, <a href=\"http:\/\/www.sportkemp.wz.cz\" target=\"_blank\" rel=\"noopener noreferrer\">http:\/\/www.sportkemp.wz.cz\/<\/a><\/li>\n\n\n\n<li>Rekrea\u010dn\u00ed st\u0159edisko ZO ECHO Energetika Lomansk\u00e1 ul. (p\u0159ed viaduktem), Plasy, tel. 724&nbsp;636&nbsp;037&nbsp;nebo 604&nbsp;899&nbsp;255, <a href=\"http:\/\/www.plasy.cz\/e_download.php?file=data\/editor\/88cs_1.doc&amp;original=infolet%C3%A1k+PLASY.doc\" target=\"_blank\" rel=\"noopener noreferrer\">informa\u010dn\u00ed let\u00e1k<\/a><\/li>\n<\/ul>\n\n\n\n<p><strong>Camping on the meadow:<\/strong><\/p>\n\n\n\n<ul class=\"wp-block-list\">\n<li>In your own tents directly in the area of Velk\u00e1 louka in Plasy \u2013 ask the organizers where to best place your tent so it does not obstruct on the day of the race.<\/li>\n<\/ul>","protected":false},"excerpt":{"rendered":"<p>Start a c\u00edl: Are\u00e1l Velk\u00e1 louka, Plasy Datum: 5. z\u00e1\u0159\u00ed 2026 \u010casov\u00fd limit: 6 hodin Baroko maraton,&nbsp; 16 hodin Baroko ultra 100 km Limit \u00fa\u010dastn\u00edk\u016f: 1000 b\u011b\u017ec\u016f Omezen\u00ed: Z\u00e1kaz b\u011bhu se psem (canicross) Po\u0159adatel: Rumning klap, Z\u00e1lu\u017e\u00ed 64, T\u0159emo\u0161n\u00e1 330 11 P\u0159ehled trat\u00ed, startovn\u00e9ho a mezn\u00edch term\u00edn\u016f T\u00fdmov\u00e1 \u0161tafeta: Kategorie ur\u010dena pro trojice z\u00e1vodn\u00edk\u016f, kte\u0159\u00ed [&hellip;]<\/p>\n","protected":false},"author":1,"featured_media":0,"parent":0,"menu_order":0,"comment_status":"closed","ping_status":"closed","template":"","meta":{"footnotes":""},"class_list":["post-26","page","type-page","status-publish","czr-hentry"],"_links":{"self":[{"href":"http:\/\/barokomaraton.cz\/en\/wp-json\/wp\/v2\/pages\/26","targetHints":{"allow":["GET"]}}],"collection":[{"href":"http:\/\/barokomaraton.cz\/en\/wp-json\/wp\/v2\/pages"}],"about":[{"href":"http:\/\/barokomaraton.cz\/en\/wp-json\/wp\/v2\/types\/page"}],"author":[{"embeddable":true,"href":"http:\/\/barokomaraton.cz\/en\/wp-json\/wp\/v2\/users\/1"}],"replies":[{"embeddable":true,"href":"http:\/\/barokomaraton.cz\/en\/wp-json\/wp\/v2\/comments?post=26"}],"version-history":[{"count":243,"href":"http:\/\/barokomaraton.cz\/en\/wp-json\/wp\/v2\/pages\/26\/revisions"}],"predecessor-version":[{"id":2163,"href":"http:\/\/barokomaraton.cz\/en\/wp-json\/wp\/v2\/pages\/26\/revisions\/2163"}],"wp:attachment":[{"href":"http:\/\/barokomaraton.cz\/en\/wp-json\/wp\/v2\/media?parent=26"}],"curies":[{"name":"wp","href":"https:\/\/api.w.org\/{rel}","templated":true}]}}