{"id":1531,"date":"2023-11-28T15:06:12","date_gmt":"2023-11-28T14:06:12","guid":{"rendered":"http:\/\/barokomaraton.cz\/?page_id=1531"},"modified":"2025-09-01T09:21:12","modified_gmt":"2025-09-01T08:21:12","slug":"detske-behy","status":"publish","type":"page","link":"http:\/\/barokomaraton.cz\/en\/trate\/detske-behy\/","title":{"rendered":"Kid's races"},"content":{"rendered":"<p>Kid's races are intended for the youngest competitors up to 9 years of age. The course length is approximately 420 meters. Registration for these runs takes place on site, shortly before each start.<\/p>\n\n\n\n<p><strong>Start times:<\/strong> 11:00 11:30 12:00 12:30 13:00<\/p>\n\n\n\n<figure class=\"wp-block-image size-full is-resized\"><img loading=\"lazy\" decoding=\"async\" width=\"800\" height=\"556\" src=\"http:\/\/barokomaraton.cz\/wp-content\/uploads\/2016\/11\/detske-behy.jpg\" alt=\"\" class=\"wp-image-288\" style=\"aspect-ratio:1.4388489208633093;width:667px;height:auto\" srcset=\"http:\/\/barokomaraton.cz\/wp-content\/uploads\/2016\/11\/detske-behy.jpg 800w, http:\/\/barokomaraton.cz\/wp-content\/uploads\/2016\/11\/detske-behy-300x209.jpg 300w, http:\/\/barokomaraton.cz\/wp-content\/uploads\/2016\/11\/detske-behy-768x534.jpg 768w\" sizes=\"auto, (max-width: 800px) 100vw, 800px\" \/><\/figure>","protected":false},"excerpt":{"rendered":"<p>D\u011btsk\u00e9 b\u011bhy jsou ur\u010deny pro nejmen\u0161\u00ed z\u00e1vodn\u00edky do 9 let. D\u00e9lka trat\u011b je p\u0159ibli\u017en\u011b 420 metr\u016f. Na tyto b\u011bhy se registruje a\u017e na m\u00edst\u011b a to chv\u00edli p\u0159ed ka\u017ed\u00fdm startem. \u010casy start\u016f: 11:00 11:30 12:00 12:30 13:00<\/p>","protected":false},"author":1,"featured_media":0,"parent":1519,"menu_order":6,"comment_status":"closed","ping_status":"closed","template":"","meta":{"footnotes":""},"class_list":["post-1531","page","type-page","status-publish","czr-hentry"],"_links":{"self":[{"href":"http:\/\/barokomaraton.cz\/en\/wp-json\/wp\/v2\/pages\/1531","targetHints":{"allow":["GET"]}}],"collection":[{"href":"http:\/\/barokomaraton.cz\/en\/wp-json\/wp\/v2\/pages"}],"about":[{"href":"http:\/\/barokomaraton.cz\/en\/wp-json\/wp\/v2\/types\/page"}],"author":[{"embeddable":true,"href":"http:\/\/barokomaraton.cz\/en\/wp-json\/wp\/v2\/users\/1"}],"replies":[{"embeddable":true,"href":"http:\/\/barokomaraton.cz\/en\/wp-json\/wp\/v2\/comments?post=1531"}],"version-history":[{"count":5,"href":"http:\/\/barokomaraton.cz\/en\/wp-json\/wp\/v2\/pages\/1531\/revisions"}],"predecessor-version":[{"id":2069,"href":"http:\/\/barokomaraton.cz\/en\/wp-json\/wp\/v2\/pages\/1531\/revisions\/2069"}],"up":[{"embeddable":true,"href":"http:\/\/barokomaraton.cz\/en\/wp-json\/wp\/v2\/pages\/1519"}],"wp:attachment":[{"href":"http:\/\/barokomaraton.cz\/en\/wp-json\/wp\/v2\/media?parent=1531"}],"curies":[{"name":"wp","href":"https:\/\/api.w.org\/{rel}","templated":true}]}}