{"id":13,"date":"2016-11-26T09:35:33","date_gmt":"2016-11-26T08:35:33","guid":{"rendered":"http:\/\/barokomaraton.cz\/?page_id=13"},"modified":"2024-11-02T14:11:07","modified_gmt":"2024-11-02T13:11:07","slug":"kontakt","status":"publish","type":"page","link":"http:\/\/barokomaraton.cz\/en\/kontakt\/","title":{"rendered":"Contact"},"content":{"rendered":"<p><strong>Organiser:<\/strong> <a href=\"http:\/\/rumningklap.eu\/\">RuMning klap<\/a>, Ledeck\u00e1 64, Z\u00e1lu\u017e\u00ed, 330 11 T\u0159emo\u0161n\u00e1, Czech Republic<\/p>\n\n\n\n<p><strong>Email:<\/strong> <a href=\"mailto:info@barokomaraton.cz\">info@barokomaraton.cz<\/a><\/p>\n\n\n\n<p><strong>Race director:<\/strong> Miroslav \u0160tefl<\/p>\n\n\n\n<p><strong>Organisational manager:<\/strong> Konstantin Wiesner +420 774 734 254<\/p>\n\n\n\n<p><strong>Venue:<\/strong> Are\u00e1l Velk\u00e1 louka, 331 01 Plasy: <a href=\"http:\/\/www.mapy.cz\/s\/dDxR\">a link to Mapy.cz<\/a><\/p>\n\n\n\n<iframe loading=\"lazy\" style=\"border:none\" src=\"https:\/\/en.frame.mapy.cz\/s\/fologetovo\" width=\"1200\" height=\"600\" frameborder=\"0\"><\/iframe>","protected":false},"excerpt":{"rendered":"<p>Po\u0159adatel: RuMning klap, Ledeck\u00e1 64, Z\u00e1lu\u017e\u00ed, 330 11 T\u0159emo\u0161n\u00e1 Kontaktn\u00ed email: info@barokomaraton.cz \u0158editel z\u00e1vodu: Miroslav \u0160tefl Organiza\u010dn\u00ed \u0159editel: Konstantin Wiesner +420 774 734 254 M\u00edsto kon\u00e1n\u00ed: Are\u00e1l Velk\u00e1 louka, 331 01 Plasy: odkaz na mapu Plas a okol\u00ed<\/p>","protected":false},"author":1,"featured_media":0,"parent":0,"menu_order":0,"comment_status":"closed","ping_status":"closed","template":"","meta":{"footnotes":""},"class_list":["post-13","page","type-page","status-publish","czr-hentry"],"_links":{"self":[{"href":"http:\/\/barokomaraton.cz\/en\/wp-json\/wp\/v2\/pages\/13","targetHints":{"allow":["GET"]}}],"collection":[{"href":"http:\/\/barokomaraton.cz\/en\/wp-json\/wp\/v2\/pages"}],"about":[{"href":"http:\/\/barokomaraton.cz\/en\/wp-json\/wp\/v2\/types\/page"}],"author":[{"embeddable":true,"href":"http:\/\/barokomaraton.cz\/en\/wp-json\/wp\/v2\/users\/1"}],"replies":[{"embeddable":true,"href":"http:\/\/barokomaraton.cz\/en\/wp-json\/wp\/v2\/comments?post=13"}],"version-history":[{"count":9,"href":"http:\/\/barokomaraton.cz\/en\/wp-json\/wp\/v2\/pages\/13\/revisions"}],"predecessor-version":[{"id":1613,"href":"http:\/\/barokomaraton.cz\/en\/wp-json\/wp\/v2\/pages\/13\/revisions\/1613"}],"wp:attachment":[{"href":"http:\/\/barokomaraton.cz\/en\/wp-json\/wp\/v2\/media?parent=13"}],"curies":[{"name":"wp","href":"https:\/\/api.w.org\/{rel}","templated":true}]}}